{"id":4466,"date":"2024-10-08T12:50:33","date_gmt":"2024-10-08T12:50:33","guid":{"rendered":"https:\/\/www.zingprogramme.com\/impulsa-el-talent-fes-te-zing-corp\/"},"modified":"2024-10-28T13:09:16","modified_gmt":"2024-10-28T13:09:16","slug":"impulsa-el-talent-fes-te-zing-corp","status":"publish","type":"page","link":"https:\/\/www.zingprogramme.com\/ca\/impulsa-el-talent-fes-te-zing-corp\/","title":{"rendered":"Impulsa el talent, fes-te Zing Corp"},"content":{"rendered":"<div class=\"wpb-content-wrapper\"><p>[vc_row row_height_percent=&#8221;0&#8243; override_padding=&#8221;yes&#8221; h_padding=&#8221;2&#8243; top_padding=&#8221;3&#8243; bottom_padding=&#8221;4&#8243; overlay_alpha=&#8221;50&#8243; gutter_size=&#8221;3&#8243; column_width_percent=&#8221;100&#8243; shift_y=&#8221;0&#8243; z_index=&#8221;0&#8243;][vc_column width=&#8221;1\/1&#8243;][vc_custom_heading text_color=&#8221;color-redzing&#8221; text_transform=&#8221;uppercase&#8221; el_class=&#8221;text-center&#8221; uncode_shortcode_id=&#8221;100589&#8243; text_color_type=&#8221;uncode-palette&#8221;]IMPULSEM EL POTENCIAL DE JOVES QUE NO HAN TINGUT ELS RECURSOS NECESSARIS, ACOMPANYANT-LOS EN EL SEU CAM\u00cd<br \/>\nCAP A L&#8217;OCUPABILITAT.[\/vc_custom_heading][vc_empty_space empty_h=&#8221;2&#8243;][vc_row_inner][vc_column_inner width=&#8221;1\/2&#8243;][vc_single_image media=&#8221;4244&#8243; media_width_percent=&#8221;100&#8243; uncode_shortcode_id=&#8221;133711&#8243;][\/vc_column_inner][vc_column_inner width=&#8221;1\/2&#8243;][vc_column_text uncode_shortcode_id=&#8221;144408&#8243;]<\/p>\n<h5><span class=\"font-555555\" style=\"color: #d64a45\"><strong>Qu\u00e8 \u00e9s Zing?<\/strong><\/span><\/h5>\n<p><span style=\"color: #ffffff\">Un programa integral, innovador i sense \u00e0nim de lucre que contempla el conjunt de causes de la baixa ocupabilitat, fent costat als joves durant tot el proc\u00e9s per a aconseguir la seva inserci\u00f3 laboral qualitativa.<\/span><\/p>\n<ul>\n<li><span class=\"font-555555\" style=\"color: #d64a45\"><strong>Desenvolupament acad\u00e8mic: <span style=\"color: #ffffff\">beques per a un itinerari formatiu i laboral adaptat a cada perfil<\/span><\/strong><\/span><\/li>\n<li><span class=\"font-555555\" style=\"color: #d64a45\"><strong> Orientaci\u00f3 i acompanyament: <span style=\"color: #ffffff\">Formaci\u00f3 competencial i figures de refer\u00e8ncia amb els qui compartir experi\u00e8ncies.\u00a0<\/span><\/strong><\/span><\/li>\n<li><span class=\"font-555555\" style=\"color: #d64a45\"><strong>Inserci\u00f3 laboral: <span style=\"color: #ffffff\">Oferir primeres oportunitats laborals de qualitat als joves que acaben la seva formaci\u00f3.\u00a0<\/span><\/strong><\/span><\/li>\n<\/ul>\n<p>[\/vc_column_text][\/vc_column_inner][\/vc_row_inner][vc_empty_space empty_h=&#8221;1&#8243;][vc_row_inner][vc_column_inner width=&#8221;1\/4&#8243;][\/vc_column_inner][vc_column_inner column_width_percent=&#8221;100&#8243; align_horizontal=&#8221;align_center&#8221; gutter_size=&#8221;3&#8243; overlay_alpha=&#8221;50&#8243; shift_x=&#8221;0&#8243; shift_y=&#8221;0&#8243; shift_y_down=&#8221;0&#8243; z_index=&#8221;0&#8243; medium_width=&#8221;0&#8243; mobile_width=&#8221;0&#8243; width=&#8221;1\/2&#8243; uncode_shortcode_id=&#8221;123904&#8243;]\n<div class=\"wpcf7 no-js\" id=\"wpcf7-f4483-o1\" lang=\"ca\" dir=\"ltr\" data-wpcf7-id=\"4483\">\n<div class=\"screen-reader-response\"><p role=\"status\" aria-live=\"polite\" aria-atomic=\"true\"><\/p> <ul><\/ul><\/div>\n<form action=\"\/ca\/wp-json\/wp\/v2\/pages\/4466#wpcf7-f4483-o1\" method=\"post\" class=\"wpcf7-form init\" aria-label=\"Formulari de contacte\" novalidate=\"novalidate\" data-status=\"init\">\n<fieldset class=\"hidden-fields-container\"><input type=\"hidden\" name=\"_wpcf7\" value=\"4483\" \/><input type=\"hidden\" name=\"_wpcf7_version\" value=\"6.1.5\" \/><input type=\"hidden\" name=\"_wpcf7_locale\" value=\"ca\" \/><input type=\"hidden\" name=\"_wpcf7_unit_tag\" value=\"wpcf7-f4483-o1\" \/><input type=\"hidden\" name=\"_wpcf7_container_post\" value=\"0\" \/><input type=\"hidden\" name=\"_wpcf7_posted_data_hash\" value=\"\" \/><input type=\"hidden\" name=\"_wpcf7_recaptcha_response\" value=\"\" \/>\n<\/fieldset>\n<div class=\"one-row newsletters-form\">\n\t<div class=\"inline-input envelope-img mobile-hidden\">\n\t\t<p><img decoding=\"async\" src=\"\/wp-content\/uploads\/sites\/2\/2020\/04\/sobre.png\" \/>\n\t\t<\/p>\n\t<\/div>\n\t<div class=\"inline-input\">\n\t\t<p><span class=\"wpcf7-form-control-wrap\" data-name=\"your-email\"><input size=\"20\" maxlength=\"400\" class=\"wpcf7-form-control wpcf7-email wpcf7-validates-as-required wpcf7-text wpcf7-validates-as-email\" aria-required=\"true\" aria-invalid=\"false\" placeholder=\"Correu electr\u00f2nic\" value=\"\" type=\"email\" name=\"your-email\" \/><\/span>\n\t\t<\/p>\n\t<\/div>\n\t<div class=\"inline-input btn-submit hidden-xs\">\n\t\t<p><input class=\"wpcf7-form-control wpcf7-submit has-spinner\" type=\"submit\" value=\"Vull saber m\u00e9s!\" \/>\n\t\t<\/p>\n\t<\/div>\n<\/div>\n<p><span class=\"wpcf7-form-control-wrap\" data-name=\"accept-this-1\"><span class=\"wpcf7-form-control wpcf7-acceptance\"><span class=\"wpcf7-list-item\"><label><input type=\"checkbox\" name=\"accept-this-1\" value=\"1\" aria-invalid=\"false\" \/><span class=\"wpcf7-list-item-label\">He llegit i accepto la <a href=\"\/politica-de-privacidad\/\" target=\"_blank\">pol\u00edtica de privacitat<\/a><\/span><\/label><\/span><\/span><\/span>\n<\/p><div class=\"wpcf7-response-output\" aria-hidden=\"true\"><\/div>\n<\/form>\n<\/div>\n[\/vc_column_inner][vc_column_inner width=&#8221;1\/4&#8243;][\/vc_column_inner][\/vc_row_inner][\/vc_column][\/vc_row][vc_row row_height_percent=&#8221;0&#8243; override_padding=&#8221;yes&#8221; h_padding=&#8221;2&#8243; top_padding=&#8221;4&#8243; bottom_padding=&#8221;4&#8243; back_image=&#8221;3365&#8243; overlay_color=&#8221;color-semitranszing&#8221; overlay_alpha=&#8221;90&#8243; gutter_size=&#8221;3&#8243; column_width_percent=&#8221;100&#8243; shift_y=&#8221;0&#8243; z_index=&#8221;0&#8243; uncode_shortcode_id=&#8221;115777&#8243; overlay_color_type=&#8221;uncode-palette&#8221;][vc_column width=&#8221;1\/1&#8243;][vc_custom_heading heading_semantic=&#8221;h4&#8243; text_size=&#8221;h4&#8243; el_class=&#8221;text-center&#8221; uncode_shortcode_id=&#8221;473295&#8243;]Les empreses sou una pe\u00e7a clau per als i les joves! Pots col\u00b7laborar de diferents maneres:[\/vc_custom_heading][vc_empty_space empty_h=&#8221;1&#8243;][vc_row_inner][vc_column_inner width=&#8221;1\/3&#8243;][vc_custom_heading heading_semantic=&#8221;h3&#8243; el_class=&#8221;text-center&#8221; uncode_shortcode_id=&#8221;205310&#8243;]VOLUNTARIAT[\/vc_custom_heading][vc_column_text uncode_shortcode_id=&#8221;149215&#8243;]<\/p>\n<p style=\"text-align: center\"><span style=\"color: #ffffff\"><strong>Mentoria<\/strong><\/span><\/p>\n<p style=\"text-align: center\"><span style=\"color: #ffffff\"><strong>Voluntariat Corporatiu<\/strong><\/span><\/p>\n<p style=\"text-align: center\"><span style=\"color: #ffffff\"><strong>Parelles ling\u00fc\u00edstiques<\/strong><\/span><\/p>\n<p>[\/vc_column_text][\/vc_column_inner][vc_column_inner column_width_percent=&#8221;100&#8243; align_horizontal=&#8221;align_center&#8221; gutter_size=&#8221;3&#8243; overlay_alpha=&#8221;50&#8243; shift_x=&#8221;0&#8243; shift_y=&#8221;0&#8243; shift_y_down=&#8221;0&#8243; z_index=&#8221;0&#8243; medium_width=&#8221;0&#8243; mobile_width=&#8221;0&#8243; width=&#8221;1\/3&#8243;][vc_custom_heading heading_semantic=&#8221;h3&#8243; el_class=&#8221;text-center&#8221; uncode_shortcode_id=&#8221;979515&#8243;]FORMACI\u00d3 I INSERCI\u00d3 LABORAL[\/vc_custom_heading][vc_column_text uncode_shortcode_id=&#8221;212647&#8243;]<\/p>\n<p style=\"text-align: center\"><span style=\"color: #ffffff\"><strong>Visites a empreses<\/strong><\/span><\/p>\n<p style=\"text-align: center\"><span style=\"color: #ffffff\"><strong>Xerrades d&#8217;orientaci\u00f3 professional<\/strong><\/span><\/p>\n<p style=\"text-align: center\"><span style=\"color: #ffffff\"><strong>P\u00edndoles formatives<\/strong><\/span><\/p>\n<p style=\"text-align: center\"><span style=\"color: #ffffff\"><strong>Incorporaci\u00f3 de talent inclusiu<\/strong><\/span><\/p>\n<p style=\"text-align: center\"><span style=\"color: #ffffff\"><strong>Pr\u00e0ctiques a empreses<\/strong><\/span><\/p>\n<p style=\"text-align: center\"><span style=\"color: #ffffff\"><strong>Borsa d&#8217;ocupaci\u00f3<\/strong><\/span><\/p>\n<p>[\/vc_column_text][\/vc_column_inner][vc_column_inner width=&#8221;1\/3&#8243;][vc_custom_heading heading_semantic=&#8221;h3&#8243; el_class=&#8221;text-center&#8221; uncode_shortcode_id=&#8221;202713&#8243;]COL\u00b7LABORACIONS ECON\u00d2MIQUES[\/vc_custom_heading][vc_column_text uncode_shortcode_id=&#8221;140619&#8243;]<\/p>\n<p style=\"text-align: center\"><span style=\"color: #ffffff\"><strong>Finan\u00e7ament de beques integrals<\/strong><\/span><\/p>\n<p style=\"text-align: center\"><span style=\"color: #ffffff\"><strong>Serveis pro-bo<\/strong><\/span><\/p>\n<p style=\"text-align: center\"><span style=\"color: #ffffff\"><strong>Patrocini d&#8217;esdeveniments<\/strong><\/span><\/p>\n<p style=\"text-align: center\"><span style=\"color: #ffffff\"><strong>Cessi\u00f3 d&#8217;espais i\/o materials<\/strong><\/span><\/p>\n<p>[\/vc_column_text][\/vc_column_inner][\/vc_row_inner][\/vc_column][\/vc_row][vc_row row_height_percent=&#8221;0&#8243; override_padding=&#8221;yes&#8221; h_padding=&#8221;2&#8243; top_padding=&#8221;3&#8243; bottom_padding=&#8221;4&#8243; overlay_alpha=&#8221;50&#8243; gutter_size=&#8221;3&#8243; column_width_percent=&#8221;100&#8243; shift_y=&#8221;0&#8243; z_index=&#8221;0&#8243; uncode_shortcode_id=&#8221;154217&#8243;][vc_column width=&#8221;1\/1&#8243;][vc_column_text uncode_shortcode_id=&#8221;170969&#8243;]<\/p>\n<h3 style=\"text-align: center\"><span style=\"color: #ffffff\"><strong>Se t&#8217;ocorre alguna altra manera de col\u00b7laborar?<\/strong><\/span><\/h3>\n<p>[\/vc_column_text][vc_row_inner][vc_column_inner width=&#8221;1\/4&#8243;][\/vc_column_inner][vc_column_inner column_width_percent=&#8221;100&#8243; align_horizontal=&#8221;align_center&#8221; gutter_size=&#8221;3&#8243; overlay_alpha=&#8221;50&#8243; shift_x=&#8221;0&#8243; shift_y=&#8221;0&#8243; shift_y_down=&#8221;0&#8243; z_index=&#8221;0&#8243; medium_width=&#8221;0&#8243; mobile_width=&#8221;0&#8243; width=&#8221;1\/2&#8243; uncode_shortcode_id=&#8221;123904&#8243;]\n<div class=\"wpcf7 no-js\" id=\"wpcf7-f4483-o2\" lang=\"ca\" dir=\"ltr\" data-wpcf7-id=\"4483\">\n<div class=\"screen-reader-response\"><p role=\"status\" aria-live=\"polite\" aria-atomic=\"true\"><\/p> <ul><\/ul><\/div>\n<form action=\"\/ca\/wp-json\/wp\/v2\/pages\/4466#wpcf7-f4483-o2\" method=\"post\" class=\"wpcf7-form init\" aria-label=\"Formulari de contacte\" novalidate=\"novalidate\" data-status=\"init\">\n<fieldset class=\"hidden-fields-container\"><input type=\"hidden\" name=\"_wpcf7\" value=\"4483\" \/><input type=\"hidden\" name=\"_wpcf7_version\" value=\"6.1.5\" \/><input type=\"hidden\" name=\"_wpcf7_locale\" value=\"ca\" \/><input type=\"hidden\" name=\"_wpcf7_unit_tag\" value=\"wpcf7-f4483-o2\" \/><input type=\"hidden\" name=\"_wpcf7_container_post\" value=\"0\" \/><input type=\"hidden\" name=\"_wpcf7_posted_data_hash\" value=\"\" \/><input type=\"hidden\" name=\"_wpcf7_recaptcha_response\" value=\"\" \/>\n<\/fieldset>\n<div class=\"one-row newsletters-form\">\n\t<div class=\"inline-input envelope-img mobile-hidden\">\n\t\t<p><img decoding=\"async\" src=\"\/wp-content\/uploads\/sites\/2\/2020\/04\/sobre.png\" \/>\n\t\t<\/p>\n\t<\/div>\n\t<div class=\"inline-input\">\n\t\t<p><span class=\"wpcf7-form-control-wrap\" data-name=\"your-email\"><input size=\"20\" maxlength=\"400\" class=\"wpcf7-form-control wpcf7-email wpcf7-validates-as-required wpcf7-text wpcf7-validates-as-email\" aria-required=\"true\" aria-invalid=\"false\" placeholder=\"Correu electr\u00f2nic\" value=\"\" type=\"email\" name=\"your-email\" \/><\/span>\n\t\t<\/p>\n\t<\/div>\n\t<div class=\"inline-input btn-submit hidden-xs\">\n\t\t<p><input class=\"wpcf7-form-control wpcf7-submit has-spinner\" type=\"submit\" value=\"Vull saber m\u00e9s!\" \/>\n\t\t<\/p>\n\t<\/div>\n<\/div>\n<p><span class=\"wpcf7-form-control-wrap\" data-name=\"accept-this-1\"><span class=\"wpcf7-form-control wpcf7-acceptance\"><span class=\"wpcf7-list-item\"><label><input type=\"checkbox\" name=\"accept-this-1\" value=\"1\" aria-invalid=\"false\" \/><span class=\"wpcf7-list-item-label\">He llegit i accepto la <a href=\"\/politica-de-privacidad\/\" target=\"_blank\">pol\u00edtica de privacitat<\/a><\/span><\/label><\/span><\/span><\/span>\n<\/p><div class=\"wpcf7-response-output\" aria-hidden=\"true\"><\/div>\n<\/form>\n<\/div>\n[\/vc_column_inner][vc_column_inner width=&#8221;1\/4&#8243;][\/vc_column_inner][\/vc_row_inner][vc_empty_space empty_h=&#8221;2&#8243;][\/vc_column][\/vc_row]<\/p>\n<\/div>","protected":false},"excerpt":{"rendered":"<p>IMPULSEM EL POTENCIAL DE [&hellip;]<\/p>\n","protected":false},"author":2,"featured_media":4456,"parent":0,"menu_order":0,"comment_status":"closed","ping_status":"closed","template":"","meta":{"footnotes":""},"class_list":["post-4466","page","type-page","status-publish","has-post-thumbnail","hentry"],"yoast_head":"<!-- This site is optimized with the Yoast SEO plugin v27.6 - https:\/\/yoast.com\/product\/yoast-seo-wordpress\/ -->\n<title>Impulsa el talent, fes-te Zing Corp - Zing Programme<\/title>\n<meta name=\"robots\" content=\"index, follow, max-snippet:-1, max-image-preview:large, max-video-preview:-1\" \/>\n<link rel=\"canonical\" href=\"https:\/\/www.zingprogramme.com\/ca\/impulsa-el-talent-fes-te-zing-corp\/\" \/>\n<meta property=\"og:locale\" content=\"ca_ES\" \/>\n<meta property=\"og:type\" content=\"article\" \/>\n<meta property=\"og:title\" content=\"Impulsa el talent, fes-te Zing Corp - Zing Programme\" \/>\n<meta property=\"og:description\" content=\"IMPULSEM EL POTENCIAL DE [&hellip;]\" \/>\n<meta property=\"og:url\" content=\"https:\/\/www.zingprogramme.com\/ca\/impulsa-el-talent-fes-te-zing-corp\/\" \/>\n<meta property=\"og:site_name\" content=\"Zing Programme\" \/>\n<meta property=\"article:modified_time\" content=\"2024-10-28T13:09:16+00:00\" \/>\n<meta property=\"og:image\" content=\"https:\/\/www.zingprogramme.com\/wp-content\/uploads\/sites\/2\/2024\/10\/IMG_5372-scaled-e1727768761390.jpg\" \/>\n\t<meta property=\"og:image:width\" content=\"2560\" \/>\n\t<meta property=\"og:image:height\" content=\"1707\" \/>\n\t<meta property=\"og:image:type\" content=\"image\/jpeg\" \/>\n<meta name=\"twitter:card\" content=\"summary_large_image\" \/>\n<meta name=\"twitter:label1\" content=\"Temps estimat de lectura\" \/>\n\t<meta name=\"twitter:data1\" content=\"2 minuts\" \/>\n<script type=\"application\/ld+json\" class=\"yoast-schema-graph\">{\"@context\":\"https:\\\/\\\/schema.org\",\"@graph\":[{\"@type\":\"WebPage\",\"@id\":\"https:\\\/\\\/www.zingprogramme.com\\\/ca\\\/impulsa-el-talent-fes-te-zing-corp\\\/\",\"url\":\"https:\\\/\\\/www.zingprogramme.com\\\/ca\\\/impulsa-el-talent-fes-te-zing-corp\\\/\",\"name\":\"Impulsa el talent, fes-te Zing Corp - Zing Programme\",\"isPartOf\":{\"@id\":\"https:\\\/\\\/www.zingprogramme.com\\\/ca\\\/#website\"},\"primaryImageOfPage\":{\"@id\":\"https:\\\/\\\/www.zingprogramme.com\\\/ca\\\/impulsa-el-talent-fes-te-zing-corp\\\/#primaryimage\"},\"image\":{\"@id\":\"https:\\\/\\\/www.zingprogramme.com\\\/ca\\\/impulsa-el-talent-fes-te-zing-corp\\\/#primaryimage\"},\"thumbnailUrl\":\"https:\\\/\\\/www.zingprogramme.com\\\/wp-content\\\/uploads\\\/sites\\\/2\\\/2024\\\/10\\\/IMG_5372-scaled-e1727768761390.jpg\",\"datePublished\":\"2024-10-08T12:50:33+00:00\",\"dateModified\":\"2024-10-28T13:09:16+00:00\",\"breadcrumb\":{\"@id\":\"https:\\\/\\\/www.zingprogramme.com\\\/ca\\\/impulsa-el-talent-fes-te-zing-corp\\\/#breadcrumb\"},\"inLanguage\":\"ca\",\"potentialAction\":[{\"@type\":\"ReadAction\",\"target\":[\"https:\\\/\\\/www.zingprogramme.com\\\/ca\\\/impulsa-el-talent-fes-te-zing-corp\\\/\"]}]},{\"@type\":\"ImageObject\",\"inLanguage\":\"ca\",\"@id\":\"https:\\\/\\\/www.zingprogramme.com\\\/ca\\\/impulsa-el-talent-fes-te-zing-corp\\\/#primaryimage\",\"url\":\"https:\\\/\\\/www.zingprogramme.com\\\/wp-content\\\/uploads\\\/sites\\\/2\\\/2024\\\/10\\\/IMG_5372-scaled-e1727768761390.jpg\",\"contentUrl\":\"https:\\\/\\\/www.zingprogramme.com\\\/wp-content\\\/uploads\\\/sites\\\/2\\\/2024\\\/10\\\/IMG_5372-scaled-e1727768761390.jpg\",\"width\":2560,\"height\":1707},{\"@type\":\"BreadcrumbList\",\"@id\":\"https:\\\/\\\/www.zingprogramme.com\\\/ca\\\/impulsa-el-talent-fes-te-zing-corp\\\/#breadcrumb\",\"itemListElement\":[{\"@type\":\"ListItem\",\"position\":1,\"name\":\"Portada\",\"item\":\"https:\\\/\\\/www.zingprogramme.com\\\/ca\\\/\"},{\"@type\":\"ListItem\",\"position\":2,\"name\":\"Impulsa el talent, fes-te Zing Corp\"}]},{\"@type\":\"WebSite\",\"@id\":\"https:\\\/\\\/www.zingprogramme.com\\\/ca\\\/#website\",\"url\":\"https:\\\/\\\/www.zingprogramme.com\\\/ca\\\/\",\"name\":\"Zing Programme\",\"description\":\"Nuestro objetivo: conseguir una inserci\u00f3n laboral de calidad de los j\u00f3venes\",\"potentialAction\":[{\"@type\":\"SearchAction\",\"target\":{\"@type\":\"EntryPoint\",\"urlTemplate\":\"https:\\\/\\\/www.zingprogramme.com\\\/ca\\\/?s={search_term_string}\"},\"query-input\":{\"@type\":\"PropertyValueSpecification\",\"valueRequired\":true,\"valueName\":\"search_term_string\"}}],\"inLanguage\":\"ca\"}]}<\/script>\n<!-- \/ Yoast SEO plugin. -->","yoast_head_json":{"title":"Impulsa el talent, fes-te Zing Corp - Zing Programme","robots":{"index":"index","follow":"follow","max-snippet":"max-snippet:-1","max-image-preview":"max-image-preview:large","max-video-preview":"max-video-preview:-1"},"canonical":"https:\/\/www.zingprogramme.com\/ca\/impulsa-el-talent-fes-te-zing-corp\/","og_locale":"ca_ES","og_type":"article","og_title":"Impulsa el talent, fes-te Zing Corp - Zing Programme","og_description":"IMPULSEM EL POTENCIAL DE [&hellip;]","og_url":"https:\/\/www.zingprogramme.com\/ca\/impulsa-el-talent-fes-te-zing-corp\/","og_site_name":"Zing Programme","article_modified_time":"2024-10-28T13:09:16+00:00","og_image":[{"width":2560,"height":1707,"url":"https:\/\/www.zingprogramme.com\/wp-content\/uploads\/sites\/2\/2024\/10\/IMG_5372-scaled-e1727768761390.jpg","type":"image\/jpeg"}],"twitter_card":"summary_large_image","twitter_misc":{"Temps estimat de lectura":"2 minuts"},"schema":{"@context":"https:\/\/schema.org","@graph":[{"@type":"WebPage","@id":"https:\/\/www.zingprogramme.com\/ca\/impulsa-el-talent-fes-te-zing-corp\/","url":"https:\/\/www.zingprogramme.com\/ca\/impulsa-el-talent-fes-te-zing-corp\/","name":"Impulsa el talent, fes-te Zing Corp - Zing Programme","isPartOf":{"@id":"https:\/\/www.zingprogramme.com\/ca\/#website"},"primaryImageOfPage":{"@id":"https:\/\/www.zingprogramme.com\/ca\/impulsa-el-talent-fes-te-zing-corp\/#primaryimage"},"image":{"@id":"https:\/\/www.zingprogramme.com\/ca\/impulsa-el-talent-fes-te-zing-corp\/#primaryimage"},"thumbnailUrl":"https:\/\/www.zingprogramme.com\/wp-content\/uploads\/sites\/2\/2024\/10\/IMG_5372-scaled-e1727768761390.jpg","datePublished":"2024-10-08T12:50:33+00:00","dateModified":"2024-10-28T13:09:16+00:00","breadcrumb":{"@id":"https:\/\/www.zingprogramme.com\/ca\/impulsa-el-talent-fes-te-zing-corp\/#breadcrumb"},"inLanguage":"ca","potentialAction":[{"@type":"ReadAction","target":["https:\/\/www.zingprogramme.com\/ca\/impulsa-el-talent-fes-te-zing-corp\/"]}]},{"@type":"ImageObject","inLanguage":"ca","@id":"https:\/\/www.zingprogramme.com\/ca\/impulsa-el-talent-fes-te-zing-corp\/#primaryimage","url":"https:\/\/www.zingprogramme.com\/wp-content\/uploads\/sites\/2\/2024\/10\/IMG_5372-scaled-e1727768761390.jpg","contentUrl":"https:\/\/www.zingprogramme.com\/wp-content\/uploads\/sites\/2\/2024\/10\/IMG_5372-scaled-e1727768761390.jpg","width":2560,"height":1707},{"@type":"BreadcrumbList","@id":"https:\/\/www.zingprogramme.com\/ca\/impulsa-el-talent-fes-te-zing-corp\/#breadcrumb","itemListElement":[{"@type":"ListItem","position":1,"name":"Portada","item":"https:\/\/www.zingprogramme.com\/ca\/"},{"@type":"ListItem","position":2,"name":"Impulsa el talent, fes-te Zing Corp"}]},{"@type":"WebSite","@id":"https:\/\/www.zingprogramme.com\/ca\/#website","url":"https:\/\/www.zingprogramme.com\/ca\/","name":"Zing Programme","description":"Nuestro objetivo: conseguir una inserci\u00f3n laboral de calidad de los j\u00f3venes","potentialAction":[{"@type":"SearchAction","target":{"@type":"EntryPoint","urlTemplate":"https:\/\/www.zingprogramme.com\/ca\/?s={search_term_string}"},"query-input":{"@type":"PropertyValueSpecification","valueRequired":true,"valueName":"search_term_string"}}],"inLanguage":"ca"}]}},"_links":{"self":[{"href":"https:\/\/www.zingprogramme.com\/ca\/wp-json\/wp\/v2\/pages\/4466","targetHints":{"allow":["GET"]}}],"collection":[{"href":"https:\/\/www.zingprogramme.com\/ca\/wp-json\/wp\/v2\/pages"}],"about":[{"href":"https:\/\/www.zingprogramme.com\/ca\/wp-json\/wp\/v2\/types\/page"}],"author":[{"embeddable":true,"href":"https:\/\/www.zingprogramme.com\/ca\/wp-json\/wp\/v2\/users\/2"}],"replies":[{"embeddable":true,"href":"https:\/\/www.zingprogramme.com\/ca\/wp-json\/wp\/v2\/comments?post=4466"}],"version-history":[{"count":6,"href":"https:\/\/www.zingprogramme.com\/ca\/wp-json\/wp\/v2\/pages\/4466\/revisions"}],"predecessor-version":[{"id":4489,"href":"https:\/\/www.zingprogramme.com\/ca\/wp-json\/wp\/v2\/pages\/4466\/revisions\/4489"}],"wp:featuredmedia":[{"embeddable":true,"href":"https:\/\/www.zingprogramme.com\/ca\/wp-json\/wp\/v2\/media\/4456"}],"wp:attachment":[{"href":"https:\/\/www.zingprogramme.com\/ca\/wp-json\/wp\/v2\/media?parent=4466"}],"curies":[{"name":"wp","href":"https:\/\/api.w.org\/{rel}","templated":true}]}}