{"id":1912,"date":"2020-05-08T09:42:12","date_gmt":"2020-05-08T09:42:12","guid":{"rendered":"https:\/\/www.zingprogramme.com\/zing-vocacio\/"},"modified":"2020-05-08T10:00:11","modified_gmt":"2020-05-08T10:00:11","slug":"zing-vocacio","status":"publish","type":"page","link":"https:\/\/www.zingprogramme.com\/ca\/zing-vocacio\/","title":{"rendered":"Zing vocaci\u00f3"},"content":{"rendered":"<div class=\"wpb-content-wrapper\"><p>[vc_row row_height_percent=&#8221;0&#8243; overlay_color=&#8221;color-semitranszing&#8221; overlay_alpha=&#8221;50&#8243; gutter_size=&#8221;3&#8243; column_width_percent=&#8221;100&#8243; shift_y=&#8221;0&#8243; z_index=&#8221;0&#8243; el_id=&#8221;menu-queeszing&#8221;][vc_column width=&#8221;1\/1&#8243;][vc_wp_custommenu nav_menu=&#8221;10&#8243; nav_menu_horizontal=&#8221;1&#8243;][\/vc_column][\/vc_row][vc_row row_height_percent=&#8221;0&#8243; override_padding=&#8221;yes&#8221; h_padding=&#8221;2&#8243; top_padding=&#8221;3&#8243; bottom_padding=&#8221;4&#8243; overlay_alpha=&#8221;50&#8243; gutter_size=&#8221;3&#8243; column_width_percent=&#8221;100&#8243; shift_y=&#8221;2&#8243; z_index=&#8221;0&#8243;][vc_column width=&#8221;1\/1&#8243;][vc_single_image media=&#8221;1623&#8243; media_lightbox=&#8221;yes&#8221; media_poster=&#8221;yes&#8221; media_width_percent=&#8221;100&#8243;][vc_empty_space][vc_custom_heading text_transform=&#8221;uppercase&#8221; el_class=&#8221;special-title text-center&#8221; subheading=&#8221;La persona que descobreix qu\u00e8 \u00e9s el que el motiva i qu\u00e8 \u00e9s el que realment connecta amb les seves capacitats i habilitats \u00e9s aquella que t\u00e9 m\u00e9s possibilitats d&#8217;escollir un itinerari educatiu o d&#8217;inserci\u00f3 laboral que li permeti <strong>arribar al seu cim personal, formatiu i laboral<\/strong>.&#8221;]ELS DOS DIES M\u00c9S IMPORTANTS DE LA TEVA VIDA S\u00d3N<br \/>\nEL DIA QUE NEIXES I EL DIA QUE DESCOBREIXES PER A QU\u00c8[\/vc_custom_heading][vc_empty_space][vc_single_image media=&#8221;1919&#8243; media_width_use_pixel=&#8221;yes&#8221; alignment=&#8221;center&#8221; media_width_pixel=&#8221;941&#8243;][vc_row_inner row_inner_height_percent=&#8221;0&#8243; back_color=&#8221;color-redzing&#8221; overlay_alpha=&#8221;50&#8243; gutter_size=&#8221;3&#8243; shift_y=&#8221;0&#8243; z_index=&#8221;0&#8243; css=&#8221;.vc_custom_1586799171716{padding-top: 36px !important;padding-right: 68px !important;padding-bottom: 36px !important;padding-left: 68px !important;}&#8221;][vc_column_inner width=&#8221;1\/1&#8243;][vc_custom_heading el_class=&#8221;special-title&#8221;]Des de 2015 treballem en el disseny d\u2019un Programa d\u2019Orientaci\u00f3 Vocacional amb una metodologia pr\u00f2pia i \u00fanica en qu\u00e8 cada jove \u00e9s protagonista de la seva pr\u00f2pia vida i cam\u00ed.[\/vc_custom_heading][\/vc_column_inner][\/vc_row_inner][vc_empty_space][vc_column_text el_class=&#8221;text-center&#8221;]<span class=\"grey-zing\">681 joves s&#8217;han beneficiat des d\u2019aleshores d&#8217;un projecte creat amb un equip de professionals experts que combinen formaci\u00f3 en coaching, Gestalt, intel\u00b7lig\u00e8ncia emocional, psicologia, desenvolupament personal, lideratge i mindfulness. El nostre equip de facilitadors -els xerpes- ofereixen tallers individuals o grupals motivacionals, inspiradors, din\u00e0mics i vivencials a tot l\u2019Estat i Catalunya. El 88% de joves que finalitzen els tallers estan estudiant o treballant sis mesos despr\u00e9s de la finalitzaci\u00f3 de l&#8217;expedici\u00f3.<\/span><\/p>\n<p><span class=\"grey-zing\">Zing Vocaci\u00f3 se sustenta en dos eixos principals:<\/span>[\/vc_column_text][vc_empty_space][vc_row_inner][vc_column_inner width=&#8221;1\/2&#8243;][vc_custom_heading text_transform=&#8221;uppercase&#8221; subheading=&#8221;Oferim eines perqu\u00e8 els joves coneguin millor qui s\u00f3n i quines s\u00f3n realment les seves compet\u00e8ncies personals, potencialitats i talents (soft skills), a m\u00e9s de proporcionar-los motivaci\u00f3 i autoconfian\u00e7a.&#8221; el_class=&#8221;special-title&#8221;]Autoconeixement[\/vc_custom_heading][\/vc_column_inner][vc_column_inner width=&#8221;1\/2&#8243;][vc_custom_heading text_transform=&#8221;uppercase&#8221; subheading=&#8221;Despr\u00e9s de descobrir qui s\u00f3n i quins s\u00f3n els seus talents, gr\u00e0cies a Zing Vocaci\u00f3 coneixen quina oferta formativa existeix avui en dia que pugui encaixar amb les seves habilitats per aix\u00ed definir un itinerari formatiu i laboral.&#8221; el_class=&#8221;special-title&#8221;]Orientaci\u00f3 acad\u00e8mica[\/vc_custom_heading][\/vc_column_inner][\/vc_row_inner][vc_empty_space][vc_custom_heading text_transform=&#8221;uppercase&#8221; el_class=&#8221;special-title text-center&#8221;]A LA TEVA ENTITAT O INSTITUT HI HA JOVES QUE NECESSITEN ORIENTACI\u00d3 VOCACIONAL? [\/vc_custom_heading][vc_row_inner row_inner_height_percent=&#8221;0&#8243; overlay_alpha=&#8221;50&#8243; gutter_size=&#8221;3&#8243; shift_y=&#8221;0&#8243; z_index=&#8221;0&#8243;][vc_column_inner column_width_percent=&#8221;100&#8243; align_horizontal=&#8221;align_center&#8221; gutter_size=&#8221;3&#8243; overlay_alpha=&#8221;50&#8243; shift_x=&#8221;0&#8243; shift_y=&#8221;0&#8243; shift_y_down=&#8221;0&#8243; z_index=&#8221;0&#8243; medium_width=&#8221;0&#8243; mobile_width=&#8221;0&#8243; width=&#8221;1\/1&#8243; el_class=&#8221;text-center&#8221;][vc_button button_color=&#8221;color-xsdn&#8221; hover_fx=&#8221;full-colored&#8221; border_width=&#8221;0&#8243; display=&#8221;inline&#8221; top_margin=&#8221;yes&#8221; link=&#8221;url:https%3A%2F%2Fwww.zingprogramme.com%2Fca%2Fcontacte%2F|title:Contacte|&#8221;]Contacta\u2019ns![\/vc_button][\/vc_column_inner][\/vc_row_inner][\/vc_column][\/vc_row]<\/p>\n<\/div>","protected":false},"excerpt":{"rendered":"[vc_row row_height_percent=\"0\" overlay_color=\"color-semitranszing\" overlay_alpha=\"50\" gutter_size=\"3\" column_width_percent=\"100\" shift_y=\"0\" z_index=\"0\" el_id=\"menu-queeszing\"][vc_column width=\"1\/1\"][vc_wp_custommenu nav_menu=\"10\" nav_menu_horizontal=\"1\"][\/vc_column][\/vc_row][vc_row row_height_percent=\"0\" override_padding=\"yes\" h_padding=\"2\" top_padding=\"3\" bottom_padding=\"4\" overlay_alpha=\"50\" gutter_size=\"3\" column_width_percent=\"100\" [...]","protected":false},"author":1,"featured_media":0,"parent":0,"menu_order":0,"comment_status":"closed","ping_status":"closed","template":"","meta":{"footnotes":""},"class_list":["post-1912","page","type-page","status-publish","hentry"],"yoast_head":"<!-- This site is optimized with the Yoast SEO plugin v27.4 - https:\/\/yoast.com\/product\/yoast-seo-wordpress\/ -->\n<title>Zing vocaci\u00f3 - Zing Programme<\/title>\n<meta name=\"robots\" content=\"index, follow, max-snippet:-1, max-image-preview:large, max-video-preview:-1\" \/>\n<link rel=\"canonical\" href=\"https:\/\/www.zingprogramme.com\/ca\/zing-vocacio\/\" \/>\n<meta property=\"og:locale\" content=\"ca_ES\" \/>\n<meta property=\"og:type\" content=\"article\" \/>\n<meta property=\"og:title\" content=\"Zing vocaci\u00f3 - Zing Programme\" \/>\n<meta property=\"og:url\" content=\"https:\/\/www.zingprogramme.com\/ca\/zing-vocacio\/\" \/>\n<meta property=\"og:site_name\" content=\"Zing Programme\" \/>\n<meta property=\"article:modified_time\" content=\"2020-05-08T10:00:11+00:00\" \/>\n<meta name=\"twitter:card\" content=\"summary_large_image\" \/>\n<meta name=\"twitter:label1\" content=\"Temps estimat de lectura\" \/>\n\t<meta name=\"twitter:data1\" content=\"3 minuts\" \/>\n<script type=\"application\/ld+json\" class=\"yoast-schema-graph\">{\"@context\":\"https:\\\/\\\/schema.org\",\"@graph\":[{\"@type\":\"WebPage\",\"@id\":\"https:\\\/\\\/www.zingprogramme.com\\\/ca\\\/zing-vocacio\\\/\",\"url\":\"https:\\\/\\\/www.zingprogramme.com\\\/ca\\\/zing-vocacio\\\/\",\"name\":\"Zing vocaci\u00f3 - Zing Programme\",\"isPartOf\":{\"@id\":\"https:\\\/\\\/www.zingprogramme.com\\\/ca\\\/#website\"},\"datePublished\":\"2020-05-08T09:42:12+00:00\",\"dateModified\":\"2020-05-08T10:00:11+00:00\",\"breadcrumb\":{\"@id\":\"https:\\\/\\\/www.zingprogramme.com\\\/ca\\\/zing-vocacio\\\/#breadcrumb\"},\"inLanguage\":\"ca\",\"potentialAction\":[{\"@type\":\"ReadAction\",\"target\":[\"https:\\\/\\\/www.zingprogramme.com\\\/ca\\\/zing-vocacio\\\/\"]}]},{\"@type\":\"BreadcrumbList\",\"@id\":\"https:\\\/\\\/www.zingprogramme.com\\\/ca\\\/zing-vocacio\\\/#breadcrumb\",\"itemListElement\":[{\"@type\":\"ListItem\",\"position\":1,\"name\":\"Portada\",\"item\":\"https:\\\/\\\/www.zingprogramme.com\\\/ca\\\/\"},{\"@type\":\"ListItem\",\"position\":2,\"name\":\"Zing vocaci\u00f3\"}]},{\"@type\":\"WebSite\",\"@id\":\"https:\\\/\\\/www.zingprogramme.com\\\/ca\\\/#website\",\"url\":\"https:\\\/\\\/www.zingprogramme.com\\\/ca\\\/\",\"name\":\"Zing Programme\",\"description\":\"Nuestro objetivo: conseguir una inserci\u00f3n laboral de calidad de los j\u00f3venes\",\"potentialAction\":[{\"@type\":\"SearchAction\",\"target\":{\"@type\":\"EntryPoint\",\"urlTemplate\":\"https:\\\/\\\/www.zingprogramme.com\\\/ca\\\/?s={search_term_string}\"},\"query-input\":{\"@type\":\"PropertyValueSpecification\",\"valueRequired\":true,\"valueName\":\"search_term_string\"}}],\"inLanguage\":\"ca\"}]}<\/script>\n<!-- \/ Yoast SEO plugin. -->","yoast_head_json":{"title":"Zing vocaci\u00f3 - Zing Programme","robots":{"index":"index","follow":"follow","max-snippet":"max-snippet:-1","max-image-preview":"max-image-preview:large","max-video-preview":"max-video-preview:-1"},"canonical":"https:\/\/www.zingprogramme.com\/ca\/zing-vocacio\/","og_locale":"ca_ES","og_type":"article","og_title":"Zing vocaci\u00f3 - Zing Programme","og_url":"https:\/\/www.zingprogramme.com\/ca\/zing-vocacio\/","og_site_name":"Zing Programme","article_modified_time":"2020-05-08T10:00:11+00:00","twitter_card":"summary_large_image","twitter_misc":{"Temps estimat de lectura":"3 minuts"},"schema":{"@context":"https:\/\/schema.org","@graph":[{"@type":"WebPage","@id":"https:\/\/www.zingprogramme.com\/ca\/zing-vocacio\/","url":"https:\/\/www.zingprogramme.com\/ca\/zing-vocacio\/","name":"Zing vocaci\u00f3 - Zing Programme","isPartOf":{"@id":"https:\/\/www.zingprogramme.com\/ca\/#website"},"datePublished":"2020-05-08T09:42:12+00:00","dateModified":"2020-05-08T10:00:11+00:00","breadcrumb":{"@id":"https:\/\/www.zingprogramme.com\/ca\/zing-vocacio\/#breadcrumb"},"inLanguage":"ca","potentialAction":[{"@type":"ReadAction","target":["https:\/\/www.zingprogramme.com\/ca\/zing-vocacio\/"]}]},{"@type":"BreadcrumbList","@id":"https:\/\/www.zingprogramme.com\/ca\/zing-vocacio\/#breadcrumb","itemListElement":[{"@type":"ListItem","position":1,"name":"Portada","item":"https:\/\/www.zingprogramme.com\/ca\/"},{"@type":"ListItem","position":2,"name":"Zing vocaci\u00f3"}]},{"@type":"WebSite","@id":"https:\/\/www.zingprogramme.com\/ca\/#website","url":"https:\/\/www.zingprogramme.com\/ca\/","name":"Zing Programme","description":"Nuestro objetivo: conseguir una inserci\u00f3n laboral de calidad de los j\u00f3venes","potentialAction":[{"@type":"SearchAction","target":{"@type":"EntryPoint","urlTemplate":"https:\/\/www.zingprogramme.com\/ca\/?s={search_term_string}"},"query-input":{"@type":"PropertyValueSpecification","valueRequired":true,"valueName":"search_term_string"}}],"inLanguage":"ca"}]}},"_links":{"self":[{"href":"https:\/\/www.zingprogramme.com\/ca\/wp-json\/wp\/v2\/pages\/1912","targetHints":{"allow":["GET"]}}],"collection":[{"href":"https:\/\/www.zingprogramme.com\/ca\/wp-json\/wp\/v2\/pages"}],"about":[{"href":"https:\/\/www.zingprogramme.com\/ca\/wp-json\/wp\/v2\/types\/page"}],"author":[{"embeddable":true,"href":"https:\/\/www.zingprogramme.com\/ca\/wp-json\/wp\/v2\/users\/1"}],"replies":[{"embeddable":true,"href":"https:\/\/www.zingprogramme.com\/ca\/wp-json\/wp\/v2\/comments?post=1912"}],"version-history":[{"count":5,"href":"https:\/\/www.zingprogramme.com\/ca\/wp-json\/wp\/v2\/pages\/1912\/revisions"}],"predecessor-version":[{"id":1921,"href":"https:\/\/www.zingprogramme.com\/ca\/wp-json\/wp\/v2\/pages\/1912\/revisions\/1921"}],"wp:attachment":[{"href":"https:\/\/www.zingprogramme.com\/ca\/wp-json\/wp\/v2\/media?parent=1912"}],"curies":[{"name":"wp","href":"https:\/\/api.w.org\/{rel}","templated":true}]}}