{"id":1909,"date":"2020-05-08T09:36:27","date_gmt":"2020-05-08T09:36:27","guid":{"rendered":"https:\/\/www.zingprogramme.com\/zing-network\/"},"modified":"2020-05-08T09:37:55","modified_gmt":"2020-05-08T09:37:55","slug":"zing-network","status":"publish","type":"page","link":"https:\/\/www.zingprogramme.com\/ca\/zing-network\/","title":{"rendered":"Zing Network"},"content":{"rendered":"<div class=\"wpb-content-wrapper\"><p>[vc_row row_height_percent=&#8221;0&#8243; overlay_color=&#8221;color-semitranszing&#8221; overlay_alpha=&#8221;50&#8243; gutter_size=&#8221;3&#8243; column_width_percent=&#8221;100&#8243; shift_y=&#8221;0&#8243; z_index=&#8221;0&#8243; el_id=&#8221;menu-queeszing&#8221;][vc_column width=&#8221;1\/1&#8243;][vc_wp_custommenu nav_menu=&#8221;10&#8243; nav_menu_horizontal=&#8221;1&#8243;][\/vc_column][\/vc_row][vc_row row_height_percent=&#8221;0&#8243; overlay_alpha=&#8221;50&#8243; gutter_size=&#8221;3&#8243; column_width_percent=&#8221;100&#8243; shift_y=&#8221;2&#8243; z_index=&#8221;0&#8243;][vc_column width=&#8221;1\/1&#8243;][vc_custom_heading text_transform=&#8221;uppercase&#8221; el_class=&#8221;text-center&#8221;]<span class=\"red-zing\">#WeAreZing<\/span>: M\u00c9S DE 1.000 ZINGERS REPARTITS PER TOT L\u2019ESTAT[\/vc_custom_heading][vc_empty_space empty_h=&#8221;2&#8243;][vc_row_inner][vc_column_inner width=&#8221;1\/2&#8243;][vc_column_text el_class=&#8221;grey-zing&#8221;]Zing Network \u00e9s una <strong>xarxa de suport<\/strong> en qu\u00e8 els zingers hi troben un espai on seguir desenvolupant el seu talent i el poden compartir amb d\u2019altres joves.<br \/>\nTots els membres de Zing Network han passat pels tallers del programa de <a href=\"https:\/\/www.zingprogramme.com\/ca\/zing-vocacio\/\">Zing Vocaci\u00f3<\/a> o b\u00e9 han rebut una <a href=\"https:\/\/www.zingprogramme.com\/ca\/beques-zing\/\">Beca Zing<\/a>, o fins i tot han passat per totes les fases del programa Zing.[\/vc_column_text][\/vc_column_inner][vc_column_inner width=&#8221;1\/2&#8243;][vc_column_text el_class=&#8221;grey-zing&#8221;]Aquesta xarxa neix a partir de l&#8217;oportunitat de crear un vincle m\u00e9s estret amb els joves abans que finalitzin els seus estudis i amb l&#8217;objectiu de <strong>seguir acompanyant-los durant tota la seva carrera personal i professional<\/strong>.<br \/>\nLa creaci\u00f3 de la xarxa de Zing, sempre en evoluci\u00f3, \u00e9s un <strong>treball col\u00b7laboratiu<\/strong> entre els <strong>Zingers<\/strong>, les <strong>entitats socials<\/strong> i tamb\u00e9 est\u00e0 oberta a l&#8217;<strong>\u00e0mbit empresarial<\/strong>.[\/vc_column_text][\/vc_column_inner][\/vc_row_inner][vc_empty_space empty_h=&#8221;2&#8243;][\/vc_column][\/vc_row][vc_row row_height_percent=&#8221;0&#8243; override_padding=&#8221;yes&#8221; h_padding=&#8221;2&#8243; top_padding=&#8221;3&#8243; bottom_padding=&#8221;4&#8243; overlay_alpha=&#8221;50&#8243; gutter_size=&#8221;3&#8243; column_width_percent=&#8221;100&#8243; shift_y=&#8221;2&#8243; z_index=&#8221;0&#8243;][vc_column width=&#8221;1\/1&#8243;][vc_single_image media=&#8221;1621&#8243; media_lightbox=&#8221;yes&#8221; media_poster=&#8221;yes&#8221; media_width_percent=&#8221;100&#8243;][\/vc_column][\/vc_row][vc_row row_height_percent=&#8221;0&#8243; override_padding=&#8221;yes&#8221; h_padding=&#8221;2&#8243; top_padding=&#8221;2&#8243; bottom_padding=&#8221;4&#8243; overlay_alpha=&#8221;50&#8243; gutter_size=&#8221;3&#8243; column_width_percent=&#8221;100&#8243; shift_y=&#8221;2&#8243; z_index=&#8221;0&#8243; row_name=&#8221;institutos&#8221;][vc_column width=&#8221;1\/1&#8243;][vc_custom_heading text_transform=&#8221;uppercase&#8221; el_class=&#8221;special-title text-center&#8221;]<span class=\"red-zing\">Zing Network<\/span> OFEREIX UN TRIPLE ITINERARI:[\/vc_custom_heading][vc_row_inner][vc_column_inner width=&#8221;1\/3&#8243;][vc_custom_heading el_class=&#8221;special-title&#8221;]<span class=\"red-zing\">01<\/span>[\/vc_custom_heading][vc_column_text el_class=&#8221;grey-zing&#8221;]<strong>Un espai de vincle i una comunitat amb una identitat compartida.<\/strong><br \/>\nGr\u00e0cies a Zing Network poden fer contactes a trav\u00e9s d&#8217;activitats l\u00fadiques, esportives i culturals. A m\u00e9s, compten amb un directori de Zingers i entitats socials als quals poden rec\u00f3rrer.[\/vc_column_text][\/vc_column_inner][vc_column_inner width=&#8221;1\/3&#8243;][vc_custom_heading el_class=&#8221;special-title&#8221;]<span class=\"red-zing\">02<\/span>[\/vc_custom_heading][vc_column_text el_class=&#8221;grey-zing&#8221;]<strong>Un espai d&#8217;experi\u00e8ncies formatives, d&#8217;emprenedoria i de carrera professional.<\/strong><br \/>\nAdquireixen eines i milloren les habilitats (soft skills) valorades pel mercat laboral amb l&#8217;objectiu que la seva ocupabilitat sigui \u00f2ptima.[\/vc_column_text][\/vc_column_inner][vc_column_inner width=&#8221;1\/3&#8243;][vc_custom_heading el_class=&#8221;special-title&#8221;]<span class=\"red-zing\">03<\/span>[\/vc_custom_heading][vc_column_text el_class=&#8221;grey-zing&#8221;]<strong>Un espai de mentoria laboral i professional<\/strong>. Els Zingers poden realitzar un retorn social a trav\u00e9s d&#8217;un programa de mentoria social a partir del qual ajuden a altres joves a aconseguir el seu cim formatiu, laboral i personal.[\/vc_column_text][\/vc_column_inner][\/vc_row_inner][\/vc_column][\/vc_row]<\/p>\n<\/div>","protected":false},"excerpt":{"rendered":"[vc_row row_height_percent=\"0\" overlay_color=\"color-semitranszing\" overlay_alpha=\"50\" gutter_size=\"3\" column_width_percent=\"100\" shift_y=\"0\" z_index=\"0\" el_id=\"menu-queeszing\"][vc_column width=\"1\/1\"][vc_wp_custommenu nav_menu=\"10\" nav_menu_horizontal=\"1\"][\/vc_column][\/vc_row][vc_row row_height_percent=\"0\" overlay_alpha=\"50\" gutter_size=\"3\" column_width_percent=\"100\" shift_y=\"2\" z_index=\"0\"][vc_column width=\"1\/1\"][vc_custom_heading text_transform=\"uppercase\" [...]","protected":false},"author":1,"featured_media":552,"parent":0,"menu_order":0,"comment_status":"closed","ping_status":"closed","template":"","meta":{"footnotes":""},"class_list":["post-1909","page","type-page","status-publish","has-post-thumbnail","hentry"],"yoast_head":"<!-- This site is optimized with the Yoast SEO plugin v27.4 - https:\/\/yoast.com\/product\/yoast-seo-wordpress\/ -->\n<title>Zing Network - Zing Programme<\/title>\n<meta name=\"robots\" content=\"index, follow, max-snippet:-1, max-image-preview:large, max-video-preview:-1\" \/>\n<link rel=\"canonical\" href=\"https:\/\/www.zingprogramme.com\/ca\/zing-network\/\" \/>\n<meta property=\"og:locale\" content=\"ca_ES\" \/>\n<meta property=\"og:type\" content=\"article\" \/>\n<meta property=\"og:title\" content=\"Zing Network - Zing Programme\" \/>\n<meta property=\"og:url\" content=\"https:\/\/www.zingprogramme.com\/ca\/zing-network\/\" \/>\n<meta property=\"og:site_name\" content=\"Zing Programme\" \/>\n<meta property=\"article:modified_time\" content=\"2020-05-08T09:37:55+00:00\" \/>\n<meta property=\"og:image\" content=\"https:\/\/www.zingprogramme.com\/wp-content\/uploads\/sites\/2\/2020\/04\/zingnetwork.jpg\" \/>\n\t<meta property=\"og:image:width\" content=\"1400\" \/>\n\t<meta property=\"og:image:height\" content=\"655\" \/>\n\t<meta property=\"og:image:type\" content=\"image\/jpeg\" \/>\n<meta name=\"twitter:card\" content=\"summary_large_image\" \/>\n<meta name=\"twitter:label1\" content=\"Temps estimat de lectura\" \/>\n\t<meta name=\"twitter:data1\" content=\"3 minuts\" \/>\n<script type=\"application\/ld+json\" class=\"yoast-schema-graph\">{\"@context\":\"https:\\\/\\\/schema.org\",\"@graph\":[{\"@type\":\"WebPage\",\"@id\":\"https:\\\/\\\/www.zingprogramme.com\\\/ca\\\/zing-network\\\/\",\"url\":\"https:\\\/\\\/www.zingprogramme.com\\\/ca\\\/zing-network\\\/\",\"name\":\"Zing Network - Zing Programme\",\"isPartOf\":{\"@id\":\"https:\\\/\\\/www.zingprogramme.com\\\/ca\\\/#website\"},\"primaryImageOfPage\":{\"@id\":\"https:\\\/\\\/www.zingprogramme.com\\\/ca\\\/zing-network\\\/#primaryimage\"},\"image\":{\"@id\":\"https:\\\/\\\/www.zingprogramme.com\\\/ca\\\/zing-network\\\/#primaryimage\"},\"thumbnailUrl\":\"https:\\\/\\\/www.zingprogramme.com\\\/wp-content\\\/uploads\\\/sites\\\/2\\\/2020\\\/04\\\/zingnetwork.jpg\",\"datePublished\":\"2020-05-08T09:36:27+00:00\",\"dateModified\":\"2020-05-08T09:37:55+00:00\",\"breadcrumb\":{\"@id\":\"https:\\\/\\\/www.zingprogramme.com\\\/ca\\\/zing-network\\\/#breadcrumb\"},\"inLanguage\":\"ca\",\"potentialAction\":[{\"@type\":\"ReadAction\",\"target\":[\"https:\\\/\\\/www.zingprogramme.com\\\/ca\\\/zing-network\\\/\"]}]},{\"@type\":\"ImageObject\",\"inLanguage\":\"ca\",\"@id\":\"https:\\\/\\\/www.zingprogramme.com\\\/ca\\\/zing-network\\\/#primaryimage\",\"url\":\"https:\\\/\\\/www.zingprogramme.com\\\/wp-content\\\/uploads\\\/sites\\\/2\\\/2020\\\/04\\\/zingnetwork.jpg\",\"contentUrl\":\"https:\\\/\\\/www.zingprogramme.com\\\/wp-content\\\/uploads\\\/sites\\\/2\\\/2020\\\/04\\\/zingnetwork.jpg\",\"width\":1400,\"height\":655},{\"@type\":\"BreadcrumbList\",\"@id\":\"https:\\\/\\\/www.zingprogramme.com\\\/ca\\\/zing-network\\\/#breadcrumb\",\"itemListElement\":[{\"@type\":\"ListItem\",\"position\":1,\"name\":\"Portada\",\"item\":\"https:\\\/\\\/www.zingprogramme.com\\\/ca\\\/\"},{\"@type\":\"ListItem\",\"position\":2,\"name\":\"Zing Network\"}]},{\"@type\":\"WebSite\",\"@id\":\"https:\\\/\\\/www.zingprogramme.com\\\/ca\\\/#website\",\"url\":\"https:\\\/\\\/www.zingprogramme.com\\\/ca\\\/\",\"name\":\"Zing Programme\",\"description\":\"Nuestro objetivo: conseguir una inserci\u00f3n laboral de calidad de los j\u00f3venes\",\"potentialAction\":[{\"@type\":\"SearchAction\",\"target\":{\"@type\":\"EntryPoint\",\"urlTemplate\":\"https:\\\/\\\/www.zingprogramme.com\\\/ca\\\/?s={search_term_string}\"},\"query-input\":{\"@type\":\"PropertyValueSpecification\",\"valueRequired\":true,\"valueName\":\"search_term_string\"}}],\"inLanguage\":\"ca\"}]}<\/script>\n<!-- \/ Yoast SEO plugin. -->","yoast_head_json":{"title":"Zing Network - Zing Programme","robots":{"index":"index","follow":"follow","max-snippet":"max-snippet:-1","max-image-preview":"max-image-preview:large","max-video-preview":"max-video-preview:-1"},"canonical":"https:\/\/www.zingprogramme.com\/ca\/zing-network\/","og_locale":"ca_ES","og_type":"article","og_title":"Zing Network - Zing Programme","og_url":"https:\/\/www.zingprogramme.com\/ca\/zing-network\/","og_site_name":"Zing Programme","article_modified_time":"2020-05-08T09:37:55+00:00","og_image":[{"width":1400,"height":655,"url":"https:\/\/www.zingprogramme.com\/wp-content\/uploads\/sites\/2\/2020\/04\/zingnetwork.jpg","type":"image\/jpeg"}],"twitter_card":"summary_large_image","twitter_misc":{"Temps estimat de lectura":"3 minuts"},"schema":{"@context":"https:\/\/schema.org","@graph":[{"@type":"WebPage","@id":"https:\/\/www.zingprogramme.com\/ca\/zing-network\/","url":"https:\/\/www.zingprogramme.com\/ca\/zing-network\/","name":"Zing Network - Zing Programme","isPartOf":{"@id":"https:\/\/www.zingprogramme.com\/ca\/#website"},"primaryImageOfPage":{"@id":"https:\/\/www.zingprogramme.com\/ca\/zing-network\/#primaryimage"},"image":{"@id":"https:\/\/www.zingprogramme.com\/ca\/zing-network\/#primaryimage"},"thumbnailUrl":"https:\/\/www.zingprogramme.com\/wp-content\/uploads\/sites\/2\/2020\/04\/zingnetwork.jpg","datePublished":"2020-05-08T09:36:27+00:00","dateModified":"2020-05-08T09:37:55+00:00","breadcrumb":{"@id":"https:\/\/www.zingprogramme.com\/ca\/zing-network\/#breadcrumb"},"inLanguage":"ca","potentialAction":[{"@type":"ReadAction","target":["https:\/\/www.zingprogramme.com\/ca\/zing-network\/"]}]},{"@type":"ImageObject","inLanguage":"ca","@id":"https:\/\/www.zingprogramme.com\/ca\/zing-network\/#primaryimage","url":"https:\/\/www.zingprogramme.com\/wp-content\/uploads\/sites\/2\/2020\/04\/zingnetwork.jpg","contentUrl":"https:\/\/www.zingprogramme.com\/wp-content\/uploads\/sites\/2\/2020\/04\/zingnetwork.jpg","width":1400,"height":655},{"@type":"BreadcrumbList","@id":"https:\/\/www.zingprogramme.com\/ca\/zing-network\/#breadcrumb","itemListElement":[{"@type":"ListItem","position":1,"name":"Portada","item":"https:\/\/www.zingprogramme.com\/ca\/"},{"@type":"ListItem","position":2,"name":"Zing Network"}]},{"@type":"WebSite","@id":"https:\/\/www.zingprogramme.com\/ca\/#website","url":"https:\/\/www.zingprogramme.com\/ca\/","name":"Zing Programme","description":"Nuestro objetivo: conseguir una inserci\u00f3n laboral de calidad de los j\u00f3venes","potentialAction":[{"@type":"SearchAction","target":{"@type":"EntryPoint","urlTemplate":"https:\/\/www.zingprogramme.com\/ca\/?s={search_term_string}"},"query-input":{"@type":"PropertyValueSpecification","valueRequired":true,"valueName":"search_term_string"}}],"inLanguage":"ca"}]}},"_links":{"self":[{"href":"https:\/\/www.zingprogramme.com\/ca\/wp-json\/wp\/v2\/pages\/1909","targetHints":{"allow":["GET"]}}],"collection":[{"href":"https:\/\/www.zingprogramme.com\/ca\/wp-json\/wp\/v2\/pages"}],"about":[{"href":"https:\/\/www.zingprogramme.com\/ca\/wp-json\/wp\/v2\/types\/page"}],"author":[{"embeddable":true,"href":"https:\/\/www.zingprogramme.com\/ca\/wp-json\/wp\/v2\/users\/1"}],"replies":[{"embeddable":true,"href":"https:\/\/www.zingprogramme.com\/ca\/wp-json\/wp\/v2\/comments?post=1909"}],"version-history":[{"count":2,"href":"https:\/\/www.zingprogramme.com\/ca\/wp-json\/wp\/v2\/pages\/1909\/revisions"}],"predecessor-version":[{"id":1911,"href":"https:\/\/www.zingprogramme.com\/ca\/wp-json\/wp\/v2\/pages\/1909\/revisions\/1911"}],"wp:featuredmedia":[{"embeddable":true,"href":"https:\/\/www.zingprogramme.com\/ca\/wp-json\/wp\/v2\/media\/552"}],"wp:attachment":[{"href":"https:\/\/www.zingprogramme.com\/ca\/wp-json\/wp\/v2\/media?parent=1909"}],"curies":[{"name":"wp","href":"https:\/\/api.w.org\/{rel}","templated":true}]}}