{"id":1903,"date":"2020-05-08T09:26:46","date_gmt":"2020-05-08T09:26:46","guid":{"rendered":"https:\/\/www.zingprogramme.com\/missio-visio-i-valors\/"},"modified":"2020-05-15T07:24:57","modified_gmt":"2020-05-15T07:24:57","slug":"missio-visio-i-valors","status":"publish","type":"page","link":"https:\/\/www.zingprogramme.com\/ca\/missio-visio-i-valors\/","title":{"rendered":"Missi\u00f3, visi\u00f3 i valors"},"content":{"rendered":"<div class=\"wpb-content-wrapper\"><p>[vc_row row_height_percent=&#8221;0&#8243; overlay_color=&#8221;color-semitranszing&#8221; overlay_alpha=&#8221;50&#8243; gutter_size=&#8221;3&#8243; column_width_percent=&#8221;100&#8243; shift_y=&#8221;0&#8243; z_index=&#8221;0&#8243; el_id=&#8221;menu-queeszing&#8221;][vc_column width=&#8221;1\/1&#8243;][vc_wp_custommenu nav_menu=&#8221;10&#8243; nav_menu_horizontal=&#8221;1&#8243;][\/vc_column][\/vc_row][vc_row row_height_percent=&#8221;0&#8243; overlay_alpha=&#8221;50&#8243; gutter_size=&#8221;3&#8243; column_width_percent=&#8221;100&#8243; shift_y=&#8221;2&#8243; z_index=&#8221;0&#8243;][vc_column width=&#8221;1\/1&#8243;][vc_custom_heading text_transform=&#8221;uppercase&#8221; el_class=&#8221;text-center&#8221;]Missi\u00f3, visi\u00f3 i valors[\/vc_custom_heading][\/vc_column][\/vc_row][vc_row unlock_row=&#8221;&#8221; row_height_percent=&#8221;0&#8243; override_padding=&#8221;yes&#8221; h_padding=&#8221;2&#8243; top_padding=&#8221;5&#8243; bottom_padding=&#8221;2&#8243; overlay_alpha=&#8221;50&#8243; gutter_size=&#8221;4&#8243; column_width_percent=&#8221;100&#8243; shift_y=&#8221;0&#8243; z_index=&#8221;0&#8243;][vc_column column_width_percent=&#8221;80&#8243; position_horizontal=&#8221;left&#8221; gutter_size=&#8221;2&#8243; overlay_alpha=&#8221;50&#8243; shift_x=&#8221;0&#8243; shift_y=&#8221;3&#8243; shift_y_down=&#8221;0&#8243; z_index=&#8221;0&#8243; align_medium=&#8221;align_center_tablet&#8221; medium_width=&#8221;0&#8243; align_mobile=&#8221;align_center_mobile&#8221; mobile_width=&#8221;0&#8243; width=&#8221;5\/12&#8243;][vc_custom_heading heading_semantic=&#8221;h3&#8243; text_size=&#8221;h3&#8243; text_transform=&#8221;uppercase&#8221;]Missi\u00f3[\/vc_custom_heading][vc_column_text el_class=&#8221;grey-zing&#8221;]<strong>Millorar l&#8217;ocupabilitat dels joves<\/strong>, tot oferint-los eines i recursos perqu\u00e8 puguin inserir-se laboralment en un lloc de feina vocacional i de qualitat.[\/vc_column_text][\/vc_column][vc_column column_width_percent=&#8221;100&#8243; gutter_size=&#8221;3&#8243; overlay_alpha=&#8221;50&#8243; shift_x=&#8221;0&#8243; shift_y=&#8221;0&#8243; shift_y_down=&#8221;0&#8243; z_index=&#8221;0&#8243; medium_width=&#8221;0&#8243; mobile_width=&#8221;0&#8243; width=&#8221;7\/12&#8243;][vc_single_image media=&#8221;468&#8243; media_width_percent=&#8221;100&#8243; media_ratio=&#8221;four-three&#8221; shadow=&#8221;yes&#8221; shadow_weight=&#8221;xs&#8221;][\/vc_column][\/vc_row][vc_row row_height_percent=&#8221;0&#8243; override_padding=&#8221;yes&#8221; h_padding=&#8221;2&#8243; top_padding=&#8221;0&#8243; bottom_padding=&#8221;5&#8243; overlay_alpha=&#8221;50&#8243; gutter_size=&#8221;4&#8243; column_width_percent=&#8221;100&#8243; shift_y=&#8221;0&#8243; z_index=&#8221;0&#8243; el_class=&#8221;inverted-device-order&#8221;][vc_column column_width_percent=&#8221;100&#8243; gutter_size=&#8221;3&#8243; overlay_alpha=&#8221;50&#8243; shift_x=&#8221;0&#8243; shift_y=&#8221;-5&#8243; shift_y_down=&#8221;0&#8243; z_index=&#8221;0&#8243; medium_width=&#8221;0&#8243; mobile_width=&#8221;0&#8243; width=&#8221;7\/12&#8243;][vc_single_image media=&#8221;272&#8243; media_width_percent=&#8221;100&#8243; media_ratio=&#8221;four-three&#8221; shadow=&#8221;yes&#8221; shadow_weight=&#8221;std&#8221;][\/vc_column][vc_column column_width_percent=&#8221;80&#8243; position_horizontal=&#8221;right&#8221; position_vertical=&#8221;middle&#8221; gutter_size=&#8221;2&#8243; overlay_alpha=&#8221;50&#8243; shift_x=&#8221;0&#8243; shift_y=&#8221;0&#8243; shift_y_down=&#8221;0&#8243; z_index=&#8221;0&#8243; align_medium=&#8221;align_center_tablet&#8221; medium_width=&#8221;0&#8243; align_mobile=&#8221;align_center_mobile&#8221; mobile_width=&#8221;0&#8243; width=&#8221;5\/12&#8243;][vc_custom_heading heading_semantic=&#8221;h3&#8243; text_size=&#8221;h3&#8243; text_transform=&#8221;uppercase&#8221;]Visi\u00f3[\/vc_custom_heading][vc_column_text el_class=&#8221;grey-zing&#8221;]<strong>Impulsar el talent d&#8217;una nova generaci\u00f3 de joves<\/strong> que sigui capa\u00e7 de crear un futur millor a partir de les oportunitats que li ha ofert el programa.[\/vc_column_text][\/vc_column][\/vc_row][vc_row row_height_percent=&#8221;0&#8243; override_padding=&#8221;yes&#8221; h_padding=&#8221;2&#8243; top_padding=&#8221;3&#8243; bottom_padding=&#8221;3&#8243; back_color=&#8221;color-210407&#8243; back_image=&#8221;288&#8243; overlay_alpha=&#8221;50&#8243; gutter_size=&#8221;3&#8243; column_width_percent=&#8221;100&#8243; shift_y=&#8221;0&#8243; z_index=&#8221;0&#8243;][vc_column width=&#8221;1\/1&#8243;][vc_custom_heading text_transform=&#8221;uppercase&#8221; el_class=&#8221;text-center&#8221;]VALORS[\/vc_custom_heading][vc_empty_space empty_h=&#8221;2&#8243;][vc_row_inner row_inner_height_percent=&#8221;0&#8243; overlay_alpha=&#8221;50&#8243; gutter_size=&#8221;3&#8243; shift_y=&#8221;0&#8243; z_index=&#8221;0&#8243; el_id=&#8221;miniicon&#8221;][vc_column_inner width=&#8221;1\/3&#8243;][vc_custom_heading heading_semantic=&#8221;h3&#8243; text_size=&#8221;h4&#8243; text_transform=&#8221;uppercase&#8221; el_class=&#8221;minititulo&#8221;]Comprom\u00eds social[\/vc_custom_heading][vc_column_text]Contribu\u00efm a reduir les desigualtats socials. Mitjan\u00e7ant el comprom\u00eds social, treballem per a crear una xarxa de persones disposades a donar un cop de m\u00e0 a qui m\u00e9s ho necessiti com a forma de retorn social.[\/vc_column_text][\/vc_column_inner][vc_column_inner width=&#8221;1\/3&#8243;][vc_custom_heading heading_semantic=&#8221;h3&#8243; text_size=&#8221;h4&#8243; text_transform=&#8221;uppercase&#8221; el_class=&#8221;minititulo&#8221;]Innovaci\u00f3[\/vc_custom_heading][vc_column_text]Estem en recerca permanent d&#8217;estrat\u00e8gies que suposin solucions eficaces per a problemes socials complexos. Ens inspirem en models nacionals i internacionals i en processos de reflexi\u00f3 cr\u00edtica i creativa.[\/vc_column_text][\/vc_column_inner][vc_column_inner width=&#8221;1\/3&#8243;][vc_custom_heading heading_semantic=&#8221;h3&#8243; text_size=&#8221;h4&#8243; text_transform=&#8221;uppercase&#8221; el_class=&#8221;minititulo&#8221;]Atenci\u00f3 personalitzada[\/vc_custom_heading][vc_column_text]Donem resposta a les especificitats de cada persona. Som flexibles i permetem que els joves prenguin decisions: els donem suport quan s&#8217;equivoquen, ja que nom\u00e9s des de l&#8217;error poden construir un criteri propi. [\/vc_column_text][\/vc_column_inner][\/vc_row_inner][\/vc_column][\/vc_row]<\/p>\n<\/div>","protected":false},"excerpt":{"rendered":"[vc_row row_height_percent=\"0\" overlay_color=\"color-semitranszing\" overlay_alpha=\"50\" gutter_size=\"3\" column_width_percent=\"100\" shift_y=\"0\" z_index=\"0\" el_id=\"menu-queeszing\"][vc_column width=\"1\/1\"][vc_wp_custommenu nav_menu=\"10\" nav_menu_horizontal=\"1\"][\/vc_column][\/vc_row][vc_row row_height_percent=\"0\" overlay_alpha=\"50\" gutter_size=\"3\" column_width_percent=\"100\" shift_y=\"2\" z_index=\"0\"][vc_column width=\"1\/1\"][vc_custom_heading text_transform=\"uppercase\" [...]","protected":false},"author":1,"featured_media":0,"parent":0,"menu_order":0,"comment_status":"closed","ping_status":"closed","template":"","meta":{"footnotes":""},"class_list":["post-1903","page","type-page","status-publish","hentry"],"yoast_head":"<!-- This site is optimized with the Yoast SEO plugin v27.4 - https:\/\/yoast.com\/product\/yoast-seo-wordpress\/ -->\n<title>Missi\u00f3, visi\u00f3 i valors - Zing Programme<\/title>\n<meta name=\"robots\" content=\"index, follow, max-snippet:-1, max-image-preview:large, max-video-preview:-1\" \/>\n<link rel=\"canonical\" href=\"https:\/\/www.zingprogramme.com\/ca\/missio-visio-i-valors\/\" \/>\n<meta property=\"og:locale\" content=\"ca_ES\" \/>\n<meta property=\"og:type\" content=\"article\" \/>\n<meta property=\"og:title\" content=\"Missi\u00f3, visi\u00f3 i valors - Zing Programme\" \/>\n<meta property=\"og:url\" content=\"https:\/\/www.zingprogramme.com\/ca\/missio-visio-i-valors\/\" \/>\n<meta property=\"og:site_name\" content=\"Zing Programme\" \/>\n<meta property=\"article:modified_time\" content=\"2020-05-15T07:24:57+00:00\" \/>\n<meta name=\"twitter:card\" content=\"summary_large_image\" \/>\n<meta name=\"twitter:label1\" content=\"Temps estimat de lectura\" \/>\n\t<meta name=\"twitter:data1\" content=\"3 minuts\" \/>\n<script type=\"application\/ld+json\" class=\"yoast-schema-graph\">{\"@context\":\"https:\\\/\\\/schema.org\",\"@graph\":[{\"@type\":\"WebPage\",\"@id\":\"https:\\\/\\\/www.zingprogramme.com\\\/ca\\\/missio-visio-i-valors\\\/\",\"url\":\"https:\\\/\\\/www.zingprogramme.com\\\/ca\\\/missio-visio-i-valors\\\/\",\"name\":\"Missi\u00f3, visi\u00f3 i valors - Zing Programme\",\"isPartOf\":{\"@id\":\"https:\\\/\\\/www.zingprogramme.com\\\/ca\\\/#website\"},\"datePublished\":\"2020-05-08T09:26:46+00:00\",\"dateModified\":\"2020-05-15T07:24:57+00:00\",\"breadcrumb\":{\"@id\":\"https:\\\/\\\/www.zingprogramme.com\\\/ca\\\/missio-visio-i-valors\\\/#breadcrumb\"},\"inLanguage\":\"ca\",\"potentialAction\":[{\"@type\":\"ReadAction\",\"target\":[\"https:\\\/\\\/www.zingprogramme.com\\\/ca\\\/missio-visio-i-valors\\\/\"]}]},{\"@type\":\"BreadcrumbList\",\"@id\":\"https:\\\/\\\/www.zingprogramme.com\\\/ca\\\/missio-visio-i-valors\\\/#breadcrumb\",\"itemListElement\":[{\"@type\":\"ListItem\",\"position\":1,\"name\":\"Portada\",\"item\":\"https:\\\/\\\/www.zingprogramme.com\\\/ca\\\/\"},{\"@type\":\"ListItem\",\"position\":2,\"name\":\"Missi\u00f3, visi\u00f3 i valors\"}]},{\"@type\":\"WebSite\",\"@id\":\"https:\\\/\\\/www.zingprogramme.com\\\/ca\\\/#website\",\"url\":\"https:\\\/\\\/www.zingprogramme.com\\\/ca\\\/\",\"name\":\"Zing Programme\",\"description\":\"Nuestro objetivo: conseguir una inserci\u00f3n laboral de calidad de los j\u00f3venes\",\"potentialAction\":[{\"@type\":\"SearchAction\",\"target\":{\"@type\":\"EntryPoint\",\"urlTemplate\":\"https:\\\/\\\/www.zingprogramme.com\\\/ca\\\/?s={search_term_string}\"},\"query-input\":{\"@type\":\"PropertyValueSpecification\",\"valueRequired\":true,\"valueName\":\"search_term_string\"}}],\"inLanguage\":\"ca\"}]}<\/script>\n<!-- \/ Yoast SEO plugin. -->","yoast_head_json":{"title":"Missi\u00f3, visi\u00f3 i valors - Zing Programme","robots":{"index":"index","follow":"follow","max-snippet":"max-snippet:-1","max-image-preview":"max-image-preview:large","max-video-preview":"max-video-preview:-1"},"canonical":"https:\/\/www.zingprogramme.com\/ca\/missio-visio-i-valors\/","og_locale":"ca_ES","og_type":"article","og_title":"Missi\u00f3, visi\u00f3 i valors - Zing Programme","og_url":"https:\/\/www.zingprogramme.com\/ca\/missio-visio-i-valors\/","og_site_name":"Zing Programme","article_modified_time":"2020-05-15T07:24:57+00:00","twitter_card":"summary_large_image","twitter_misc":{"Temps estimat de lectura":"3 minuts"},"schema":{"@context":"https:\/\/schema.org","@graph":[{"@type":"WebPage","@id":"https:\/\/www.zingprogramme.com\/ca\/missio-visio-i-valors\/","url":"https:\/\/www.zingprogramme.com\/ca\/missio-visio-i-valors\/","name":"Missi\u00f3, visi\u00f3 i valors - Zing Programme","isPartOf":{"@id":"https:\/\/www.zingprogramme.com\/ca\/#website"},"datePublished":"2020-05-08T09:26:46+00:00","dateModified":"2020-05-15T07:24:57+00:00","breadcrumb":{"@id":"https:\/\/www.zingprogramme.com\/ca\/missio-visio-i-valors\/#breadcrumb"},"inLanguage":"ca","potentialAction":[{"@type":"ReadAction","target":["https:\/\/www.zingprogramme.com\/ca\/missio-visio-i-valors\/"]}]},{"@type":"BreadcrumbList","@id":"https:\/\/www.zingprogramme.com\/ca\/missio-visio-i-valors\/#breadcrumb","itemListElement":[{"@type":"ListItem","position":1,"name":"Portada","item":"https:\/\/www.zingprogramme.com\/ca\/"},{"@type":"ListItem","position":2,"name":"Missi\u00f3, visi\u00f3 i valors"}]},{"@type":"WebSite","@id":"https:\/\/www.zingprogramme.com\/ca\/#website","url":"https:\/\/www.zingprogramme.com\/ca\/","name":"Zing Programme","description":"Nuestro objetivo: conseguir una inserci\u00f3n laboral de calidad de los j\u00f3venes","potentialAction":[{"@type":"SearchAction","target":{"@type":"EntryPoint","urlTemplate":"https:\/\/www.zingprogramme.com\/ca\/?s={search_term_string}"},"query-input":{"@type":"PropertyValueSpecification","valueRequired":true,"valueName":"search_term_string"}}],"inLanguage":"ca"}]}},"_links":{"self":[{"href":"https:\/\/www.zingprogramme.com\/ca\/wp-json\/wp\/v2\/pages\/1903","targetHints":{"allow":["GET"]}}],"collection":[{"href":"https:\/\/www.zingprogramme.com\/ca\/wp-json\/wp\/v2\/pages"}],"about":[{"href":"https:\/\/www.zingprogramme.com\/ca\/wp-json\/wp\/v2\/types\/page"}],"author":[{"embeddable":true,"href":"https:\/\/www.zingprogramme.com\/ca\/wp-json\/wp\/v2\/users\/1"}],"replies":[{"embeddable":true,"href":"https:\/\/www.zingprogramme.com\/ca\/wp-json\/wp\/v2\/comments?post=1903"}],"version-history":[{"count":2,"href":"https:\/\/www.zingprogramme.com\/ca\/wp-json\/wp\/v2\/pages\/1903\/revisions"}],"predecessor-version":[{"id":2000,"href":"https:\/\/www.zingprogramme.com\/ca\/wp-json\/wp\/v2\/pages\/1903\/revisions\/2000"}],"wp:attachment":[{"href":"https:\/\/www.zingprogramme.com\/ca\/wp-json\/wp\/v2\/media?parent=1903"}],"curies":[{"name":"wp","href":"https:\/\/api.w.org\/{rel}","templated":true}]}}