{"id":1899,"date":"2020-05-08T09:22:03","date_gmt":"2020-05-08T09:22:03","guid":{"rendered":"https:\/\/www.zingprogramme.com\/beques-zing\/"},"modified":"2020-05-15T07:23:01","modified_gmt":"2020-05-15T07:23:01","slug":"beques-zing","status":"publish","type":"page","link":"https:\/\/www.zingprogramme.com\/ca\/beques-zing\/","title":{"rendered":"Beques Zing"},"content":{"rendered":"<div class=\"wpb-content-wrapper\"><p>[vc_row row_height_percent=&#8221;0&#8243; overlay_color=&#8221;color-semitranszing&#8221; overlay_alpha=&#8221;50&#8243; gutter_size=&#8221;3&#8243; column_width_percent=&#8221;100&#8243; shift_y=&#8221;0&#8243; z_index=&#8221;0&#8243; el_id=&#8221;menu-queeszing&#8221;][vc_column width=&#8221;1\/1&#8243;][vc_wp_custommenu nav_menu=&#8221;10&#8243; nav_menu_horizontal=&#8221;1&#8243;][\/vc_column][\/vc_row][vc_row row_height_percent=&#8221;0&#8243; overlay_alpha=&#8221;50&#8243; gutter_size=&#8221;3&#8243; column_width_percent=&#8221;100&#8243; shift_y=&#8221;2&#8243; z_index=&#8221;0&#8243;][vc_column width=&#8221;1\/1&#8243;][vc_custom_heading text_transform=&#8221;uppercase&#8221; subheading=&#8221;Les <strong>Beques Zing<\/strong> s\u00f3n una <strong>oportunitat \u00fanica de formaci\u00f3 d&#8217;impacte<\/strong> perqu\u00e8 joves amb comprom\u00eds i motivaci\u00f3, que no han pogut accedir al m\u00f3n formatiu en igualtat de condicions que la resta, puguin fer el seu cim formatiu i laboral.&#8221; el_class=&#8221;text-center&#8221;]APOSTEM PER CONNECTAR TALENT AMB OPORTUNITATS[\/vc_custom_heading][vc_row_inner][vc_column_inner width=&#8221;1\/2&#8243;][vc_single_image media=&#8221;71&#8243; media_width_use_pixel=&#8221;yes&#8221; alignment=&#8221;right&#8221; media_width_pixel=&#8221;364&#8243;][\/vc_column_inner][vc_column_inner width=&#8221;1\/2&#8243;][vc_custom_heading heading_semantic=&#8221;h3&#8243; text_size=&#8221;h3&#8243; text_transform=&#8221;uppercase&#8221; subheading=&#8221;Una <strong>beca per a cursar els estudis post-obligatoris<\/strong> que el o la jove hagi escollit sense que la situaci\u00f3 econ\u00f2mica sigui un impediment.&#8221;]QU\u00c8 \u00c9S LA BECA ZING?[\/vc_custom_heading][vc_custom_heading text_size=&#8221;h3&#8243; text_transform=&#8221;uppercase&#8221; text_color=&#8221;color-redzing&#8221; subheading=&#8221;Tamb\u00e9 oferim oportunitats d\u2019itineraris de:&#8221;]APOSTEM PER LA FORMACI\u00d3 PROFESSIONAL (FP)<br \/>\nCOM A OPCI\u00d3 QUALITATIVA I DE FUTUR.[\/vc_custom_heading][vc_column_text]<span class=\"red-zing\">?<\/span> Batxillerat<br \/>\n<span class=\"red-zing\">?<\/span> Graus universitaris<br \/>\n<span class=\"red-zing\">?<\/span> Programes de Formaci\u00f3 i Inserci\u00f3 (PFI)[\/vc_column_text][\/vc_column_inner][\/vc_row_inner][vc_column_text el_class=&#8221;text-center&#8221;]<span class=\"grey-zing\">L\u2019<strong>altre valor afegit de les Beques Zing \u00e9s l\u2019acompanyament<\/strong> per part de l\u2019entitat social o un\/a mentor\/a assignat\/da, que d\u00f3na suport al jove durant tot l\u2019itinerari de formaci\u00f3. <\/span>[\/vc_column_text][\/vc_column][\/vc_row][vc_row row_height_percent=&#8221;0&#8243; override_padding=&#8221;yes&#8221; h_padding=&#8221;2&#8243; top_padding=&#8221;2&#8243; bottom_padding=&#8221;4&#8243; back_image=&#8221;133&#8243; back_repeat=&#8221;no-repeat&#8221; back_position=&#8221;left center&#8221; overlay_alpha=&#8221;50&#8243; gutter_size=&#8221;3&#8243; column_width_percent=&#8221;100&#8243; shift_y=&#8221;0&#8243; z_index=&#8221;0&#8243; back_size=&#8221;auto&#8221;][vc_column width=&#8221;1\/1&#8243;][vc_row_inner][vc_column_inner width=&#8221;1\/2&#8243;][vc_custom_heading heading_semantic=&#8221;h3&#8243; text_size=&#8221;h3&#8243; text_transform=&#8221;uppercase&#8221;]QU\u00c8 COBREIX LA BECA ZING?[\/vc_custom_heading][vc_column_text]<\/p>\n<ul>\n<li><span class=\"grey-zing\"><strong>L&#8217;import de matr\u00edcula<\/strong> de formaci\u00f3 post-obligat\u00f2ria sense un import fix, a m\u00e9s de despeses de material i transport segons les necessitats de cada sol\u00b7licitant i amb una durada de tot l&#8217;itinerari de formaci\u00f3.<\/span><\/li>\n<li><span class=\"grey-zing\"><strong>Formaci\u00f3 en un centre p\u00fablic, privat o concertat<\/strong>, sense importar l&#8217;import, segons l&#8217;impacte que aix\u00f2 pugui tenir a la seva vida.<\/span><\/li>\n<\/ul>\n<p>[\/vc_column_text][\/vc_column_inner][vc_column_inner width=&#8221;1\/2&#8243;][vc_custom_heading heading_semantic=&#8221;h3&#8243; text_size=&#8221;h3&#8243; text_transform=&#8221;uppercase&#8221;]QUI POT OPTAR A UNA BECA ZING? [\/vc_custom_heading][vc_column_text]<\/p>\n<ul>\n<li><span class=\"grey-zing\"><strong>Joves preseleccionats per entitats socials<\/strong> a les que estan vinculats. Els seus educadors\/es els acompanyen durant tot el cam\u00ed, des de la preselecci\u00f3, durant la formaci\u00f3 i tamb\u00e9 en la transici\u00f3 al m\u00f3n laboral.<\/span><\/li>\n<\/ul>\n<p>[\/vc_column_text][\/vc_column_inner][\/vc_row_inner][vc_row_inner][vc_column_inner width=&#8221;1\/2&#8243;][vc_custom_heading heading_semantic=&#8221;h3&#8243; text_size=&#8221;h3&#8243; text_transform=&#8221;uppercase&#8221;]QUI DECIDEIX QUI REP LA BECA ZING?[\/vc_custom_heading][vc_column_text]<\/p>\n<ul>\n<li><span class=\"grey-zing\">Tots\/es els candidats\/es passen per una entrevista personal (presencial o virtual) amb l\u2019equip de psic\u00f2legs i psicopedagogs vinculats <a href=\"https:\/\/www.zingprogramme.com\/ca\/que-es-zing\/\">Zing<\/a>.<\/span><\/li>\n<li><span class=\"grey-zing\">A m\u00e9s, han d&#8217;escriure una carta de motivaci\u00f3 que l&#8217;entitat social fa arribar a l&#8217;equip de Zing. \u00c9s a partir de la valoraci\u00f3 conjunta de l&#8217;entrevista i de la carta de motivaci\u00f3 que l&#8217;equip de Zing fa la selecci\u00f3 de becats.<\/span><\/li>\n<\/ul>\n<p>[\/vc_column_text][\/vc_column_inner][vc_column_inner width=&#8221;1\/2&#8243;][vc_custom_heading heading_semantic=&#8221;h3&#8243; text_size=&#8221;h3&#8243; text_transform=&#8221;uppercase&#8221;]QUAN SE SOL\u00b7LICITEN LES BEQUES ZING? [\/vc_custom_heading][vc_column_text]<\/p>\n<ul>\n<li><span class=\"grey-zing\">La convocat\u00f2ria de sol\u00b7licitud de Beques Zing s&#8217;obre anualment, d&#8217;abril a setembre.<\/span><\/li>\n<li><span class=\"grey-zing\">Un\/a jove que ha obtingut la Beca Zing pot renovar-la any rere any, sempre que superi el curs acad\u00e8mic, mantingui el seu comprom\u00eds amb els estudis i l&#8217;orientaci\u00f3 vocacional en el seu itinerari formatiu.<\/span><\/li>\n<\/ul>\n<p>[\/vc_column_text][\/vc_column_inner][\/vc_row_inner][\/vc_column][\/vc_row][vc_row row_height_percent=&#8221;0&#8243; override_padding=&#8221;yes&#8221; h_padding=&#8221;2&#8243; top_padding=&#8221;4&#8243; bottom_padding=&#8221;4&#8243; back_image=&#8221;288&#8243; overlay_alpha=&#8221;50&#8243; gutter_size=&#8221;3&#8243; column_width_percent=&#8221;100&#8243; shift_y=&#8221;0&#8243; z_index=&#8221;0&#8243;][vc_column width=&#8221;1\/1&#8243;][vc_custom_heading text_transform=&#8221;uppercase&#8221; el_class=&#8221;special-title text-center&#8221;]COM SOL\u00b7LICITO UNA BECA ZING?[\/vc_custom_heading][vc_empty_space empty_h=&#8221;1&#8243;][vc_row_inner row_inner_height_percent=&#8221;0&#8243; overlay_alpha=&#8221;50&#8243; gutter_size=&#8221;2&#8243; shift_y=&#8221;0&#8243; z_index=&#8221;0&#8243;][vc_column_inner column_width_percent=&#8221;100&#8243; align_horizontal=&#8221;align_center&#8221; gutter_size=&#8221;3&#8243; overlay_alpha=&#8221;50&#8243; shift_x=&#8221;0&#8243; shift_y=&#8221;0&#8243; shift_y_down=&#8221;0&#8243; z_index=&#8221;0&#8243; medium_width=&#8221;0&#8243; mobile_width=&#8221;0&#8243; width=&#8221;1\/2&#8243;][vc_custom_heading text_size=&#8221;h3&#8243; el_class=&#8221;text-center&#8221;]S\u00d3C ENTITAT SOCIAL[\/vc_custom_heading][vc_button button_color=&#8221;color-xsdn&#8221; border_width=&#8221;0&#8243; link=&#8221;url:https%3A%2F%2Fwww.zingprogramme.com%2Fca%2Fcontacte%2F|title:Contacte|&#8221;]Contacta amb l\u2019equip de Zing[\/vc_button][\/vc_column_inner][vc_column_inner column_width_percent=&#8221;100&#8243; align_horizontal=&#8221;align_center&#8221; gutter_size=&#8221;3&#8243; overlay_alpha=&#8221;50&#8243; shift_x=&#8221;0&#8243; shift_y=&#8221;0&#8243; shift_y_down=&#8221;0&#8243; z_index=&#8221;0&#8243; medium_width=&#8221;0&#8243; mobile_width=&#8221;0&#8243; width=&#8221;1\/2&#8243;][vc_custom_heading text_size=&#8221;h3&#8243; text_transform=&#8221;uppercase&#8221; el_class=&#8221;text-center&#8221;]S\u00f3c centre d\u2019educaci\u00f3 secund\u00e0ria[\/vc_custom_heading][vc_button button_color=&#8221;color-xsdn&#8221; border_width=&#8221;0&#8243; link=&#8221;url:https%3A%2F%2Fwww.zingprogramme.com%2Fca%2Fcontacte%2F|title:Contacte|&#8221;]Contacta amb l\u2019equip de Zing[\/vc_button][\/vc_column_inner][\/vc_row_inner][vc_empty_space empty_h=&#8221;2&#8243;][vc_row_inner row_inner_height_percent=&#8221;0&#8243; overlay_alpha=&#8221;50&#8243; gutter_size=&#8221;2&#8243; shift_y=&#8221;0&#8243; z_index=&#8221;0&#8243;][vc_column_inner width=&#8221;1\/4&#8243;][\/vc_column_inner][vc_column_inner width=&#8221;1\/2&#8243;][vc_custom_heading text_size=&#8221;h3&#8243; el_class=&#8221;text-center&#8221;]S\u00d3C ESTUDIANT[\/vc_custom_heading][vc_button button_color=&#8221;color-xsdn&#8221; wide=&#8221;yes&#8221; border_width=&#8221;0&#8243;]Has d\u2019estar vinculat a una entitat social que col\u00b7labori amb Zing [\/vc_button][\/vc_column_inner][vc_column_inner width=&#8221;1\/4&#8243;][\/vc_column_inner][\/vc_row_inner][\/vc_column][\/vc_row]<\/p>\n<\/div>","protected":false},"excerpt":{"rendered":"[vc_row row_height_percent=\"0\" overlay_color=\"color-semitranszing\" overlay_alpha=\"50\" gutter_size=\"3\" column_width_percent=\"100\" shift_y=\"0\" z_index=\"0\" el_id=\"menu-queeszing\"][vc_column width=\"1\/1\"][vc_wp_custommenu nav_menu=\"10\" nav_menu_horizontal=\"1\"][\/vc_column][\/vc_row][vc_row row_height_percent=\"0\" overlay_alpha=\"50\" gutter_size=\"3\" column_width_percent=\"100\" shift_y=\"2\" z_index=\"0\"][vc_column width=\"1\/1\"][vc_custom_heading text_transform=\"uppercase\" [...]","protected":false},"author":1,"featured_media":281,"parent":0,"menu_order":0,"comment_status":"closed","ping_status":"closed","template":"","meta":{"footnotes":""},"class_list":["post-1899","page","type-page","status-publish","has-post-thumbnail","hentry"],"yoast_head":"<!-- This site is optimized with the Yoast SEO plugin v27.1.1 - https:\/\/yoast.com\/product\/yoast-seo-wordpress\/ -->\n<title>Beques Zing - Zing Programme<\/title>\n<meta name=\"robots\" content=\"index, follow, max-snippet:-1, max-image-preview:large, max-video-preview:-1\" \/>\n<link rel=\"canonical\" href=\"https:\/\/www.zingprogramme.com\/ca\/beques-zing\/\" \/>\n<meta property=\"og:locale\" content=\"ca_ES\" \/>\n<meta property=\"og:type\" content=\"article\" \/>\n<meta property=\"og:title\" content=\"Beques Zing - Zing Programme\" \/>\n<meta property=\"og:url\" content=\"https:\/\/www.zingprogramme.com\/ca\/beques-zing\/\" \/>\n<meta property=\"og:site_name\" content=\"Zing Programme\" \/>\n<meta property=\"article:modified_time\" content=\"2020-05-15T07:23:01+00:00\" \/>\n<meta property=\"og:image\" content=\"https:\/\/www.zingprogramme.com\/wp-content\/uploads\/sites\/2\/2020\/04\/becas-cabecera.jpg\" \/>\n\t<meta property=\"og:image:width\" content=\"1400\" \/>\n\t<meta property=\"og:image:height\" content=\"656\" \/>\n\t<meta property=\"og:image:type\" content=\"image\/jpeg\" \/>\n<meta name=\"twitter:card\" content=\"summary_large_image\" \/>\n<meta name=\"twitter:label1\" content=\"Temps estimat de lectura\" \/>\n\t<meta name=\"twitter:data1\" content=\"5 minuts\" \/>\n<script type=\"application\/ld+json\" class=\"yoast-schema-graph\">{\"@context\":\"https:\/\/schema.org\",\"@graph\":[{\"@type\":\"WebPage\",\"@id\":\"https:\/\/www.zingprogramme.com\/ca\/beques-zing\/\",\"url\":\"https:\/\/www.zingprogramme.com\/ca\/beques-zing\/\",\"name\":\"Beques Zing - Zing Programme\",\"isPartOf\":{\"@id\":\"https:\/\/www.zingprogramme.com\/ca\/#website\"},\"primaryImageOfPage\":{\"@id\":\"https:\/\/www.zingprogramme.com\/ca\/beques-zing\/#primaryimage\"},\"image\":{\"@id\":\"https:\/\/www.zingprogramme.com\/ca\/beques-zing\/#primaryimage\"},\"thumbnailUrl\":\"https:\/\/www.zingprogramme.com\/wp-content\/uploads\/sites\/2\/2020\/04\/becas-cabecera.jpg\",\"datePublished\":\"2020-05-08T09:22:03+00:00\",\"dateModified\":\"2020-05-15T07:23:01+00:00\",\"breadcrumb\":{\"@id\":\"https:\/\/www.zingprogramme.com\/ca\/beques-zing\/#breadcrumb\"},\"inLanguage\":\"ca\",\"potentialAction\":[{\"@type\":\"ReadAction\",\"target\":[\"https:\/\/www.zingprogramme.com\/ca\/beques-zing\/\"]}]},{\"@type\":\"ImageObject\",\"inLanguage\":\"ca\",\"@id\":\"https:\/\/www.zingprogramme.com\/ca\/beques-zing\/#primaryimage\",\"url\":\"https:\/\/www.zingprogramme.com\/wp-content\/uploads\/sites\/2\/2020\/04\/becas-cabecera.jpg\",\"contentUrl\":\"https:\/\/www.zingprogramme.com\/wp-content\/uploads\/sites\/2\/2020\/04\/becas-cabecera.jpg\",\"width\":1400,\"height\":656},{\"@type\":\"BreadcrumbList\",\"@id\":\"https:\/\/www.zingprogramme.com\/ca\/beques-zing\/#breadcrumb\",\"itemListElement\":[{\"@type\":\"ListItem\",\"position\":1,\"name\":\"Portada\",\"item\":\"https:\/\/www.zingprogramme.com\/ca\/\"},{\"@type\":\"ListItem\",\"position\":2,\"name\":\"Beques Zing\"}]},{\"@type\":\"WebSite\",\"@id\":\"https:\/\/www.zingprogramme.com\/ca\/#website\",\"url\":\"https:\/\/www.zingprogramme.com\/ca\/\",\"name\":\"Zing Programme\",\"description\":\"Nuestro objetivo: conseguir una inserci\u00f3n laboral de calidad de los j\u00f3venes\",\"potentialAction\":[{\"@type\":\"SearchAction\",\"target\":{\"@type\":\"EntryPoint\",\"urlTemplate\":\"https:\/\/www.zingprogramme.com\/ca\/?s={search_term_string}\"},\"query-input\":{\"@type\":\"PropertyValueSpecification\",\"valueRequired\":true,\"valueName\":\"search_term_string\"}}],\"inLanguage\":\"ca\"}]}<\/script>\n<!-- \/ Yoast SEO plugin. -->","yoast_head_json":{"title":"Beques Zing - Zing Programme","robots":{"index":"index","follow":"follow","max-snippet":"max-snippet:-1","max-image-preview":"max-image-preview:large","max-video-preview":"max-video-preview:-1"},"canonical":"https:\/\/www.zingprogramme.com\/ca\/beques-zing\/","og_locale":"ca_ES","og_type":"article","og_title":"Beques Zing - Zing Programme","og_url":"https:\/\/www.zingprogramme.com\/ca\/beques-zing\/","og_site_name":"Zing Programme","article_modified_time":"2020-05-15T07:23:01+00:00","og_image":[{"width":1400,"height":656,"url":"https:\/\/www.zingprogramme.com\/wp-content\/uploads\/sites\/2\/2020\/04\/becas-cabecera.jpg","type":"image\/jpeg"}],"twitter_card":"summary_large_image","twitter_misc":{"Temps estimat de lectura":"5 minuts"},"schema":{"@context":"https:\/\/schema.org","@graph":[{"@type":"WebPage","@id":"https:\/\/www.zingprogramme.com\/ca\/beques-zing\/","url":"https:\/\/www.zingprogramme.com\/ca\/beques-zing\/","name":"Beques Zing - Zing Programme","isPartOf":{"@id":"https:\/\/www.zingprogramme.com\/ca\/#website"},"primaryImageOfPage":{"@id":"https:\/\/www.zingprogramme.com\/ca\/beques-zing\/#primaryimage"},"image":{"@id":"https:\/\/www.zingprogramme.com\/ca\/beques-zing\/#primaryimage"},"thumbnailUrl":"https:\/\/www.zingprogramme.com\/wp-content\/uploads\/sites\/2\/2020\/04\/becas-cabecera.jpg","datePublished":"2020-05-08T09:22:03+00:00","dateModified":"2020-05-15T07:23:01+00:00","breadcrumb":{"@id":"https:\/\/www.zingprogramme.com\/ca\/beques-zing\/#breadcrumb"},"inLanguage":"ca","potentialAction":[{"@type":"ReadAction","target":["https:\/\/www.zingprogramme.com\/ca\/beques-zing\/"]}]},{"@type":"ImageObject","inLanguage":"ca","@id":"https:\/\/www.zingprogramme.com\/ca\/beques-zing\/#primaryimage","url":"https:\/\/www.zingprogramme.com\/wp-content\/uploads\/sites\/2\/2020\/04\/becas-cabecera.jpg","contentUrl":"https:\/\/www.zingprogramme.com\/wp-content\/uploads\/sites\/2\/2020\/04\/becas-cabecera.jpg","width":1400,"height":656},{"@type":"BreadcrumbList","@id":"https:\/\/www.zingprogramme.com\/ca\/beques-zing\/#breadcrumb","itemListElement":[{"@type":"ListItem","position":1,"name":"Portada","item":"https:\/\/www.zingprogramme.com\/ca\/"},{"@type":"ListItem","position":2,"name":"Beques Zing"}]},{"@type":"WebSite","@id":"https:\/\/www.zingprogramme.com\/ca\/#website","url":"https:\/\/www.zingprogramme.com\/ca\/","name":"Zing Programme","description":"Nuestro objetivo: conseguir una inserci\u00f3n laboral de calidad de los j\u00f3venes","potentialAction":[{"@type":"SearchAction","target":{"@type":"EntryPoint","urlTemplate":"https:\/\/www.zingprogramme.com\/ca\/?s={search_term_string}"},"query-input":{"@type":"PropertyValueSpecification","valueRequired":true,"valueName":"search_term_string"}}],"inLanguage":"ca"}]}},"_links":{"self":[{"href":"https:\/\/www.zingprogramme.com\/ca\/wp-json\/wp\/v2\/pages\/1899","targetHints":{"allow":["GET"]}}],"collection":[{"href":"https:\/\/www.zingprogramme.com\/ca\/wp-json\/wp\/v2\/pages"}],"about":[{"href":"https:\/\/www.zingprogramme.com\/ca\/wp-json\/wp\/v2\/types\/page"}],"author":[{"embeddable":true,"href":"https:\/\/www.zingprogramme.com\/ca\/wp-json\/wp\/v2\/users\/1"}],"replies":[{"embeddable":true,"href":"https:\/\/www.zingprogramme.com\/ca\/wp-json\/wp\/v2\/comments?post=1899"}],"version-history":[{"count":5,"href":"https:\/\/www.zingprogramme.com\/ca\/wp-json\/wp\/v2\/pages\/1899\/revisions"}],"predecessor-version":[{"id":1998,"href":"https:\/\/www.zingprogramme.com\/ca\/wp-json\/wp\/v2\/pages\/1899\/revisions\/1998"}],"wp:featuredmedia":[{"embeddable":true,"href":"https:\/\/www.zingprogramme.com\/ca\/wp-json\/wp\/v2\/media\/281"}],"wp:attachment":[{"href":"https:\/\/www.zingprogramme.com\/ca\/wp-json\/wp\/v2\/media?parent=1899"}],"curies":[{"name":"wp","href":"https:\/\/api.w.org\/{rel}","templated":true}]}}