{"id":1889,"date":"2020-05-07T15:12:01","date_gmt":"2020-05-07T15:12:01","guid":{"rendered":"https:\/\/www.zingprogramme.com\/que-vol-dir-ser-zinger\/"},"modified":"2020-05-07T15:54:09","modified_gmt":"2020-05-07T15:54:09","slug":"que-vol-dir-ser-zinger","status":"publish","type":"page","link":"https:\/\/www.zingprogramme.com\/ca\/que-vol-dir-ser-zinger\/","title":{"rendered":"Qu\u00e8 vol dir ser Zinger?"},"content":{"rendered":"<div class=\"wpb-content-wrapper\"><p>[vc_row row_height_percent=&#8221;0&#8243; overlay_alpha=&#8221;50&#8243; gutter_size=&#8221;3&#8243; column_width_percent=&#8221;100&#8243; shift_y=&#8221;2&#8243; z_index=&#8221;0&#8243;][vc_column width=&#8221;1\/1&#8243;][vc_custom_heading text_transform=&#8221;uppercase&#8221; el_class=&#8221;special-title text-center&#8221; subheading=&#8221;Els zingers son joves extraordinaris:&#8221;]No es l&#8217;<span class=\"red-zing\">aptitud<\/span>, sin\u00f3 l&#8217;<span class=\"red-zing\">actitud<\/span> la que determina l&#8217;<span class=\"red-zing\">altitud<\/span>[\/vc_custom_heading][vc_single_image media=&#8221;1891&#8243; media_width_percent=&#8221;100&#8243;][vc_column_text el_class=&#8221;text-center&#8221;]<span class=\"grey-zing\">Malgrat tot, s&#8217;han trobat amb obstacles econ\u00f2mics i\/o socials al seu cam\u00ed.<br \/>\nNo obstant aix\u00f2, pel seu comprom\u00eds i motivaci\u00f3, tots ells s&#8217;han guanyat l&#8217;oportunitat de formar part de Zing.<br \/>\nSens dubte, els Zingers jugaran un paper clau en la generaci\u00f3 que far\u00e0 front als problemes globals.<\/span>[\/vc_column_text][\/vc_column][\/vc_row]<\/p>\n<\/div>","protected":false},"excerpt":{"rendered":"<p>No es l&#8217;aptitud, sin\u00f3 l&#8217;actitud [&hellip;]<\/p>\n","protected":false},"author":1,"featured_media":272,"parent":0,"menu_order":0,"comment_status":"closed","ping_status":"closed","template":"","meta":{"footnotes":""},"class_list":["post-1889","page","type-page","status-publish","has-post-thumbnail","hentry"],"yoast_head":"<!-- This site is optimized with the Yoast SEO plugin v27.4 - https:\/\/yoast.com\/product\/yoast-seo-wordpress\/ -->\n<title>Qu\u00e8 vol dir ser Zinger? - Zing Programme<\/title>\n<meta name=\"robots\" content=\"index, follow, max-snippet:-1, max-image-preview:large, max-video-preview:-1\" \/>\n<link rel=\"canonical\" href=\"https:\/\/www.zingprogramme.com\/ca\/que-vol-dir-ser-zinger\/\" \/>\n<meta property=\"og:locale\" content=\"ca_ES\" \/>\n<meta property=\"og:type\" content=\"article\" \/>\n<meta property=\"og:title\" content=\"Qu\u00e8 vol dir ser Zinger? - Zing Programme\" \/>\n<meta property=\"og:description\" content=\"No es l&#8217;aptitud, sin\u00f3 l&#8217;actitud [&hellip;]\" \/>\n<meta property=\"og:url\" content=\"https:\/\/www.zingprogramme.com\/ca\/que-vol-dir-ser-zinger\/\" \/>\n<meta property=\"og:site_name\" content=\"Zing Programme\" \/>\n<meta property=\"article:modified_time\" content=\"2020-05-07T15:54:09+00:00\" \/>\n<meta property=\"og:image\" content=\"https:\/\/www.zingprogramme.com\/wp-content\/uploads\/sites\/2\/2020\/04\/quesignifica-header.jpg\" \/>\n\t<meta property=\"og:image:width\" content=\"1400\" \/>\n\t<meta property=\"og:image:height\" content=\"656\" \/>\n\t<meta property=\"og:image:type\" content=\"image\/jpeg\" \/>\n<meta name=\"twitter:card\" content=\"summary_large_image\" \/>\n<meta name=\"twitter:label1\" content=\"Temps estimat de lectura\" \/>\n\t<meta name=\"twitter:data1\" content=\"1 minut\" \/>\n<script type=\"application\/ld+json\" class=\"yoast-schema-graph\">{\"@context\":\"https:\\\/\\\/schema.org\",\"@graph\":[{\"@type\":\"WebPage\",\"@id\":\"https:\\\/\\\/www.zingprogramme.com\\\/ca\\\/que-vol-dir-ser-zinger\\\/\",\"url\":\"https:\\\/\\\/www.zingprogramme.com\\\/ca\\\/que-vol-dir-ser-zinger\\\/\",\"name\":\"Qu\u00e8 vol dir ser Zinger? - Zing Programme\",\"isPartOf\":{\"@id\":\"https:\\\/\\\/www.zingprogramme.com\\\/ca\\\/#website\"},\"primaryImageOfPage\":{\"@id\":\"https:\\\/\\\/www.zingprogramme.com\\\/ca\\\/que-vol-dir-ser-zinger\\\/#primaryimage\"},\"image\":{\"@id\":\"https:\\\/\\\/www.zingprogramme.com\\\/ca\\\/que-vol-dir-ser-zinger\\\/#primaryimage\"},\"thumbnailUrl\":\"https:\\\/\\\/www.zingprogramme.com\\\/wp-content\\\/uploads\\\/sites\\\/2\\\/2020\\\/04\\\/quesignifica-header.jpg\",\"datePublished\":\"2020-05-07T15:12:01+00:00\",\"dateModified\":\"2020-05-07T15:54:09+00:00\",\"breadcrumb\":{\"@id\":\"https:\\\/\\\/www.zingprogramme.com\\\/ca\\\/que-vol-dir-ser-zinger\\\/#breadcrumb\"},\"inLanguage\":\"ca\",\"potentialAction\":[{\"@type\":\"ReadAction\",\"target\":[\"https:\\\/\\\/www.zingprogramme.com\\\/ca\\\/que-vol-dir-ser-zinger\\\/\"]}]},{\"@type\":\"ImageObject\",\"inLanguage\":\"ca\",\"@id\":\"https:\\\/\\\/www.zingprogramme.com\\\/ca\\\/que-vol-dir-ser-zinger\\\/#primaryimage\",\"url\":\"https:\\\/\\\/www.zingprogramme.com\\\/wp-content\\\/uploads\\\/sites\\\/2\\\/2020\\\/04\\\/quesignifica-header.jpg\",\"contentUrl\":\"https:\\\/\\\/www.zingprogramme.com\\\/wp-content\\\/uploads\\\/sites\\\/2\\\/2020\\\/04\\\/quesignifica-header.jpg\",\"width\":1400,\"height\":656},{\"@type\":\"BreadcrumbList\",\"@id\":\"https:\\\/\\\/www.zingprogramme.com\\\/ca\\\/que-vol-dir-ser-zinger\\\/#breadcrumb\",\"itemListElement\":[{\"@type\":\"ListItem\",\"position\":1,\"name\":\"Portada\",\"item\":\"https:\\\/\\\/www.zingprogramme.com\\\/ca\\\/\"},{\"@type\":\"ListItem\",\"position\":2,\"name\":\"Qu\u00e8 vol dir ser Zinger?\"}]},{\"@type\":\"WebSite\",\"@id\":\"https:\\\/\\\/www.zingprogramme.com\\\/ca\\\/#website\",\"url\":\"https:\\\/\\\/www.zingprogramme.com\\\/ca\\\/\",\"name\":\"Zing Programme\",\"description\":\"Nuestro objetivo: conseguir una inserci\u00f3n laboral de calidad de los j\u00f3venes\",\"potentialAction\":[{\"@type\":\"SearchAction\",\"target\":{\"@type\":\"EntryPoint\",\"urlTemplate\":\"https:\\\/\\\/www.zingprogramme.com\\\/ca\\\/?s={search_term_string}\"},\"query-input\":{\"@type\":\"PropertyValueSpecification\",\"valueRequired\":true,\"valueName\":\"search_term_string\"}}],\"inLanguage\":\"ca\"}]}<\/script>\n<!-- \/ Yoast SEO plugin. -->","yoast_head_json":{"title":"Qu\u00e8 vol dir ser Zinger? - Zing Programme","robots":{"index":"index","follow":"follow","max-snippet":"max-snippet:-1","max-image-preview":"max-image-preview:large","max-video-preview":"max-video-preview:-1"},"canonical":"https:\/\/www.zingprogramme.com\/ca\/que-vol-dir-ser-zinger\/","og_locale":"ca_ES","og_type":"article","og_title":"Qu\u00e8 vol dir ser Zinger? - Zing Programme","og_description":"No es l&#8217;aptitud, sin\u00f3 l&#8217;actitud [&hellip;]","og_url":"https:\/\/www.zingprogramme.com\/ca\/que-vol-dir-ser-zinger\/","og_site_name":"Zing Programme","article_modified_time":"2020-05-07T15:54:09+00:00","og_image":[{"width":1400,"height":656,"url":"https:\/\/www.zingprogramme.com\/wp-content\/uploads\/sites\/2\/2020\/04\/quesignifica-header.jpg","type":"image\/jpeg"}],"twitter_card":"summary_large_image","twitter_misc":{"Temps estimat de lectura":"1 minut"},"schema":{"@context":"https:\/\/schema.org","@graph":[{"@type":"WebPage","@id":"https:\/\/www.zingprogramme.com\/ca\/que-vol-dir-ser-zinger\/","url":"https:\/\/www.zingprogramme.com\/ca\/que-vol-dir-ser-zinger\/","name":"Qu\u00e8 vol dir ser Zinger? - Zing Programme","isPartOf":{"@id":"https:\/\/www.zingprogramme.com\/ca\/#website"},"primaryImageOfPage":{"@id":"https:\/\/www.zingprogramme.com\/ca\/que-vol-dir-ser-zinger\/#primaryimage"},"image":{"@id":"https:\/\/www.zingprogramme.com\/ca\/que-vol-dir-ser-zinger\/#primaryimage"},"thumbnailUrl":"https:\/\/www.zingprogramme.com\/wp-content\/uploads\/sites\/2\/2020\/04\/quesignifica-header.jpg","datePublished":"2020-05-07T15:12:01+00:00","dateModified":"2020-05-07T15:54:09+00:00","breadcrumb":{"@id":"https:\/\/www.zingprogramme.com\/ca\/que-vol-dir-ser-zinger\/#breadcrumb"},"inLanguage":"ca","potentialAction":[{"@type":"ReadAction","target":["https:\/\/www.zingprogramme.com\/ca\/que-vol-dir-ser-zinger\/"]}]},{"@type":"ImageObject","inLanguage":"ca","@id":"https:\/\/www.zingprogramme.com\/ca\/que-vol-dir-ser-zinger\/#primaryimage","url":"https:\/\/www.zingprogramme.com\/wp-content\/uploads\/sites\/2\/2020\/04\/quesignifica-header.jpg","contentUrl":"https:\/\/www.zingprogramme.com\/wp-content\/uploads\/sites\/2\/2020\/04\/quesignifica-header.jpg","width":1400,"height":656},{"@type":"BreadcrumbList","@id":"https:\/\/www.zingprogramme.com\/ca\/que-vol-dir-ser-zinger\/#breadcrumb","itemListElement":[{"@type":"ListItem","position":1,"name":"Portada","item":"https:\/\/www.zingprogramme.com\/ca\/"},{"@type":"ListItem","position":2,"name":"Qu\u00e8 vol dir ser Zinger?"}]},{"@type":"WebSite","@id":"https:\/\/www.zingprogramme.com\/ca\/#website","url":"https:\/\/www.zingprogramme.com\/ca\/","name":"Zing Programme","description":"Nuestro objetivo: conseguir una inserci\u00f3n laboral de calidad de los j\u00f3venes","potentialAction":[{"@type":"SearchAction","target":{"@type":"EntryPoint","urlTemplate":"https:\/\/www.zingprogramme.com\/ca\/?s={search_term_string}"},"query-input":{"@type":"PropertyValueSpecification","valueRequired":true,"valueName":"search_term_string"}}],"inLanguage":"ca"}]}},"_links":{"self":[{"href":"https:\/\/www.zingprogramme.com\/ca\/wp-json\/wp\/v2\/pages\/1889","targetHints":{"allow":["GET"]}}],"collection":[{"href":"https:\/\/www.zingprogramme.com\/ca\/wp-json\/wp\/v2\/pages"}],"about":[{"href":"https:\/\/www.zingprogramme.com\/ca\/wp-json\/wp\/v2\/types\/page"}],"author":[{"embeddable":true,"href":"https:\/\/www.zingprogramme.com\/ca\/wp-json\/wp\/v2\/users\/1"}],"replies":[{"embeddable":true,"href":"https:\/\/www.zingprogramme.com\/ca\/wp-json\/wp\/v2\/comments?post=1889"}],"version-history":[{"count":3,"href":"https:\/\/www.zingprogramme.com\/ca\/wp-json\/wp\/v2\/pages\/1889\/revisions"}],"predecessor-version":[{"id":1894,"href":"https:\/\/www.zingprogramme.com\/ca\/wp-json\/wp\/v2\/pages\/1889\/revisions\/1894"}],"wp:featuredmedia":[{"embeddable":true,"href":"https:\/\/www.zingprogramme.com\/ca\/wp-json\/wp\/v2\/media\/272"}],"wp:attachment":[{"href":"https:\/\/www.zingprogramme.com\/ca\/wp-json\/wp\/v2\/media?parent=1889"}],"curies":[{"name":"wp","href":"https:\/\/api.w.org\/{rel}","templated":true}]}}