{"id":1880,"date":"2020-05-07T14:58:52","date_gmt":"2020-05-07T14:58:52","guid":{"rendered":"https:\/\/www.zingprogramme.com\/que-oferim\/"},"modified":"2020-05-15T07:28:34","modified_gmt":"2020-05-15T07:28:34","slug":"que-oferim","status":"publish","type":"page","link":"https:\/\/www.zingprogramme.com\/ca\/que-oferim\/","title":{"rendered":"Qu\u00e8 oferim?"},"content":{"rendered":"<div class=\"wpb-content-wrapper\"><p>[vc_row row_height_percent=&#8221;0&#8243; overlay_color=&#8221;color-semitranszing&#8221; overlay_alpha=&#8221;50&#8243; gutter_size=&#8221;3&#8243; column_width_percent=&#8221;100&#8243; shift_y=&#8221;0&#8243; z_index=&#8221;0&#8243; el_id=&#8221;menu-queeszing&#8221;][vc_column width=&#8221;1\/1&#8243;][vc_wp_custommenu nav_menu=&#8221;10&#8243; nav_menu_horizontal=&#8221;1&#8243;][\/vc_column][\/vc_row][vc_row row_height_percent=&#8221;0&#8243; overlay_alpha=&#8221;50&#8243; gutter_size=&#8221;3&#8243; column_width_percent=&#8221;100&#8243; shift_y=&#8221;2&#8243; z_index=&#8221;0&#8243; row_name=&#8221;jovenes&#8221;][vc_column width=&#8221;1\/1&#8243;][vc_custom_heading el_class=&#8221;text-center&#8221;]ALS JOVES[\/vc_custom_heading][vc_row_inner][vc_column_inner width=&#8221;1\/2&#8243;][vc_single_image media=&#8221;46&#8243; media_width_use_pixel=&#8221;yes&#8221; alignment=&#8221;right&#8221; media_width_pixel=&#8221;364&#8243;][\/vc_column_inner][vc_column_inner width=&#8221;1\/2&#8243;][vc_custom_heading heading_semantic=&#8221;h3&#8243; text_size=&#8221;h3&#8243; el_class=&#8221;text-uppercase&#8221;]TENS ENTRE 16 I 30 ANYS?[\/vc_custom_heading][vc_custom_heading heading_semantic=&#8221;h3&#8243; text_size=&#8221;h3&#8243; el_class=&#8221;text-uppercase&#8221;]T\u2019HAS TROBAT OBSTACLES<br \/>\nECON\u00d2MICS I SOCIALS QUE<br \/>\nHAN FRENAT EL TEU CAM\u00cd?[\/vc_custom_heading][vc_custom_heading heading_semantic=&#8221;h3&#8243; text_size=&#8221;h3&#8243; el_class=&#8221;text-uppercase&#8221;]EST\u00c0S MOTIVAT\/DA I DISPOSAT\/DA<br \/>\nA FER EL TEU CIM FORMATIU<br \/>\nI LABORAL?[\/vc_custom_heading][\/vc_column_inner][\/vc_row_inner][vc_custom_heading el_class=&#8221;special-title text-center&#8221;]SI LA TEVA RESPOSTA \u00c9S <span class=\"red-zing\">S\u00cd<\/span> A TOT, <span class=\"red-zing\">ZING<\/span> \u00c9S PER A TU.[\/vc_custom_heading][vc_column_text el_class=&#8221;text-center&#8221;]<span class=\"grey-zing\">Per a formar part de Zing, has d\u2019estar vinculat\/da a una <strong>entitat social<\/strong> o <strong>centre d\u2019educaci\u00f3 secund\u00e0ria<br \/>\n<\/strong><\/span><span class=\"grey-zing\">que proposi la teva candidatura per la <strong>teva actitud<\/strong>, <strong>motivaci\u00f3<\/strong> i <strong>comprom\u00eds<\/strong>.<\/span>[\/vc_column_text][\/vc_column][\/vc_row][vc_row row_height_percent=&#8221;0&#8243; override_padding=&#8221;yes&#8221; h_padding=&#8221;2&#8243; top_padding=&#8221;2&#8243; bottom_padding=&#8221;3&#8243; back_image=&#8221;133&#8243; overlay_alpha=&#8221;50&#8243; gutter_size=&#8221;3&#8243; column_width_percent=&#8221;100&#8243; shift_y=&#8221;0&#8243; z_index=&#8221;0&#8243;][vc_column width=&#8221;1\/1&#8243;][vc_accordion el_class=&#8221;hackacordeon&#8221;][vc_accordion_tab title=&#8221;TINC CLAR QU\u00c8 VULL ESTUDIAR&#8221; tab_id=&#8221;1587114044-1-80&#8243;][vc_custom_heading el_class=&#8221;special-title text-center&#8221;]QU\u00c8 OFEREIX <span class=\"red-zing\">ZING<\/span>?[\/vc_custom_heading][vc_empty_space empty_h=&#8221;2&#8243;][vc_row_inner][vc_column_inner width=&#8221;1\/2&#8243;][vc_column_text]<span class=\"grey-zing\"><strong>Estudiar el que realment vols<\/strong> al centre educatiu que vols sense que la situaci\u00f3 econ\u00f2mica sigui un impediment, gr\u00e0cies a les <strong><a href=\"\/?page_id=280\">Beques Zing<\/a><\/strong><strong>.<\/strong> Segons cada cas, la beca cobreix l&#8217;import de la matr\u00edcula, mensualitats, transports i materials, segons cada cas.<\/span>[\/vc_column_text][\/vc_column_inner][vc_column_inner width=&#8221;1\/2&#8243;][vc_column_text]<span class=\"grey-zing\"><strong>Formar part de <a href=\"\/?page_id=528\">Zing Network<\/a>, <\/strong>una xarxa de suport on trobar\u00e0s una comunitat de joves, viur\u00e0s experi\u00e8ncies i podr\u00e0s participar en un programa de mentoria que t\u2019ajudar\u00e0 a aconseguir un lloc de treball vocacional i de qualitat.<\/span>[\/vc_column_text][\/vc_column_inner][\/vc_row_inner][vc_empty_space empty_h=&#8221;3&#8243;][\/vc_accordion_tab][vc_accordion_tab title=&#8221;EM SENTO PERDUT\/DA I NO S\u00c9 QU\u00c8 ESTUDIAR&#8221; tab_id=&#8221;1587114044-2-89&#8243;][vc_custom_heading el_class=&#8221;special-title text-center&#8221;]QU\u00c8 OFEREIX <span class=\"red-zing\">ZING<\/span>?[\/vc_custom_heading][vc_empty_space empty_h=&#8221;2&#8243;][vc_row_inner][vc_column_inner width=&#8221;1\/3&#8243;][vc_column_text]<span class=\"grey-zing\"><strong>Descobrir qui ets i quins s\u00f3n els teus talents i potencial<\/strong> a partir dels tallers de <a href=\"\/?page_id=256\">Zing Vocaci\u00f3<\/a>.<\/span>[\/vc_column_text][\/vc_column_inner][vc_column_inner width=&#8221;1\/3&#8243;][vc_column_text]<span class=\"grey-zing\"><strong>Estudiar el que realment vols<\/strong> al centre educatiu que vols sense que la situaci\u00f3 econ\u00f2mica sigui un impediment, gr\u00e0cies a les <strong><a href=\"\/?page_id=280\">Beques Zing<\/a><\/strong><strong>.<\/strong> Segons cada cas, la beca cobreix l&#8217;import de la matr\u00edcula, mensualitats, transports i materials, segons cada cas.<\/span>[\/vc_column_text][\/vc_column_inner][vc_column_inner width=&#8221;1\/3&#8243;][vc_column_text]<span class=\"grey-zing\"><strong>Formar part de <a href=\"\/?page_id=528\">Zing Network<\/a>, <\/strong>una xarxa de suport on trobar\u00e0s una comunitat de joves, viur\u00e0s experi\u00e8ncies i podr\u00e0s participar en un programa de mentoria que t\u2019ajudar\u00e0 a aconseguir un lloc de treball vocacional i de qualitat.<\/span>[\/vc_column_text][\/vc_column_inner][\/vc_row_inner][vc_empty_space empty_h=&#8221;3&#8243;][\/vc_accordion_tab][\/vc_accordion][vc_row_inner row_inner_height_percent=&#8221;0&#8243; overlay_alpha=&#8221;50&#8243; gutter_size=&#8221;3&#8243; shift_y=&#8221;0&#8243; z_index=&#8221;0&#8243;][vc_column_inner column_width_percent=&#8221;100&#8243; align_horizontal=&#8221;align_center&#8221; gutter_size=&#8221;3&#8243; overlay_alpha=&#8221;50&#8243; shift_x=&#8221;0&#8243; shift_y=&#8221;0&#8243; shift_y_down=&#8221;0&#8243; z_index=&#8221;0&#8243; medium_width=&#8221;0&#8243; mobile_width=&#8221;0&#8243; width=&#8221;1\/1&#8243; el_class=&#8221;text-center&#8221;][vc_empty_space empty_h=&#8221;2&#8243;]<div class=\"ult-modal-input-wrapper ult-adjust-bottom-margin\" data-keypress-control=\"keypress-control-enable\" data-overlay-control=\"overlay-control-enable\"><button style=\"background:#333333;border-color:#333333;color:#ffffff;\" data-class-id=\"content-6a05a3841edcd0-22072550\" class=\"btn-modal btn-primary btn-modal-lg overlay-show custom-link btn border-width-0 btn-color-redzing btn-top-margin btn-icon-left-button  ult-align-center\" data-overlay-class=\"overlay-zoomin\">COMPLEIXO AMB ELS REQUISITS, PER\u00d2 NO ESTIC VINCULAT\/DA A CAP ENTITAT SOCIAL<\/button><\/div>\n<div class=\"ult-overlay content-6a05a3841edcd0-22072550 custom-link btn border-width-0 btn-color-redzing btn-top-margin btn-icon-left\" data-class=\"content-6a05a3841edcd0-22072550\" id=\"button-click-overlay\" style=\"background:rgba(51,51,51,0.8); display:none;\">\n\t<div class=\"ult_modal ult-fade ult-block\">\n\t\t<div class=\"ult_modal-content\" style=\"\">\n\t\t\t<div class=\"ult_modal-body ult-html\" style=\"\">\n\t\t\t<iframe src=\"https:\/\/www.google.com\/maps\/d\/embed?mid=1Lc78S1__-eKJvu_q_W-xsJZ6Gkx6khTp\" width=\"960\" height=\"720\"><\/iframe>\n\t\t\t<\/div>\n\t<\/div>\n\t<\/div>\n\t<div class=\"ult-overlay-close top-right\" style=\"width:45px;height:45px; \"><div class=\"ult-overlay-close-inside\">Close<\/div><\/div>\n<\/div>[\/vc_column_inner][\/vc_row_inner][\/vc_column][\/vc_row][vc_row row_height_percent=&#8221;0&#8243; override_padding=&#8221;yes&#8221; h_padding=&#8221;2&#8243; top_padding=&#8221;4&#8243; bottom_padding=&#8221;4&#8243; back_image=&#8221;244&#8243; overlay_alpha=&#8221;50&#8243; gutter_size=&#8221;3&#8243; column_width_percent=&#8221;100&#8243; shift_y=&#8221;0&#8243; z_index=&#8221;0&#8243; row_name=&#8221;entidadessociales&#8221;][vc_column width=&#8221;1\/1&#8243;][vc_custom_heading text_transform=&#8221;uppercase&#8221; el_class=&#8221;text-center&#8221;]A LES ENTITATS SOCIALS[\/vc_custom_heading][vc_custom_heading el_class=&#8221;special-title text-center&#8221;]QU\u00c8 OFEREIX ZING?[\/vc_custom_heading][vc_row_inner][vc_column_inner width=&#8221;1\/2&#8243;][vc_custom_heading text_size=&#8221;h3&#8243; text_transform=&#8221;uppercase&#8221;]Una eina educativa:[\/vc_custom_heading][vc_column_text]Zing permet impulsar els itineraris dels joves que, sota el criteri de l&#8217;educador o educadora de l&#8217;entitat social, hagin demostrat talent i potencial.<\/p>\n<p>Per aix\u00f2, el treball d&#8217;identificaci\u00f3 i la decisi\u00f3 de presentar les candidatures de joves recau en les mateixes entitats socials.[\/vc_column_text][\/vc_column_inner][vc_column_inner width=&#8221;1\/2&#8243;][vc_custom_heading text_size=&#8221;h3&#8243; text_transform=&#8221;uppercase&#8221;]Un espai per a treballar en xarxa: [\/vc_custom_heading][vc_column_text]Zing potencia la interacci\u00f3 i la co-creaci\u00f3 de coneixement entre entitats socials. Busquem la innovaci\u00f3, la millora cont\u00ednua i la generaci\u00f3 de valor.<\/p>\n<p>Qualsevol de les entitats socials participants pot aportar i innovar dins de Zing. Sobretot volem que les entitats amb qu\u00e8 col\u00b7laborem tinguin un rol actiu. [\/vc_column_text][\/vc_column_inner][\/vc_row_inner][vc_custom_heading text_transform=&#8221;uppercase&#8221; el_class=&#8221;special-title text-center&#8221;]TREBALLES AMB JOVES EN UNA ENTITAT SOCIAL?[\/vc_custom_heading][vc_custom_heading text_transform=&#8221;uppercase&#8221; el_class=&#8221;special-title text-center margin-top-zero&#8221;]VOLS FORMAR PART DE ZING NETWORK?[\/vc_custom_heading][vc_row_inner row_inner_height_percent=&#8221;0&#8243; overlay_alpha=&#8221;50&#8243; gutter_size=&#8221;3&#8243; shift_y=&#8221;0&#8243; z_index=&#8221;0&#8243;][vc_column_inner column_width_percent=&#8221;100&#8243; align_horizontal=&#8221;align_center&#8221; gutter_size=&#8221;3&#8243; overlay_alpha=&#8221;50&#8243; shift_x=&#8221;0&#8243; shift_y=&#8221;0&#8243; shift_y_down=&#8221;0&#8243; z_index=&#8221;0&#8243; medium_width=&#8221;0&#8243; mobile_width=&#8221;0&#8243; width=&#8221;1\/1&#8243; el_class=&#8221;text-center&#8221;][vc_button button_color=&#8221;color-xsdn&#8221; hover_fx=&#8221;full-colored&#8221; border_width=&#8221;0&#8243; display=&#8221;inline&#8221; top_margin=&#8221;yes&#8221; link=&#8221;url:https%3A%2F%2Fwww.zingprogramme.com%2Fca%2Fcontacte%2F|title:Contacte|&#8221;]Contacta\u2019ns![\/vc_button][\/vc_column_inner][\/vc_row_inner][\/vc_column][\/vc_row][vc_row row_height_percent=&#8221;0&#8243; override_padding=&#8221;yes&#8221; h_padding=&#8221;2&#8243; top_padding=&#8221;2&#8243; bottom_padding=&#8221;4&#8243; overlay_alpha=&#8221;50&#8243; gutter_size=&#8221;3&#8243; column_width_percent=&#8221;100&#8243; shift_y=&#8221;2&#8243; z_index=&#8221;0&#8243; row_name=&#8221;institutos&#8221;][vc_column width=&#8221;1\/1&#8243;][vc_custom_heading text_transform=&#8221;uppercase&#8221; el_class=&#8221;text-center&#8221;]ALS CENTRES D\u2019EDUCACI\u00d3 SECUND\u00c0RIA[\/vc_custom_heading][vc_custom_heading text_transform=&#8221;uppercase&#8221; el_class=&#8221;special-title text-center&#8221;]Qu\u00e8 ofereix Zing als instituts?[\/vc_custom_heading][vc_row_inner][vc_column_inner width=&#8221;1\/3&#8243;][vc_custom_heading el_class=&#8221;special-title&#8221;]<span class=\"red-zing\">01<\/span>[\/vc_custom_heading][vc_column_text]<span class=\"grey-zing\">Una <strong>eina educativa <\/strong>en forma de beca d&#8217;estudis que facilita un itinerari formatiu i laboral d&#8217;\u00e8xit per a joves que no compten amb igualtat de condicions que la resta.<\/span>[\/vc_column_text][\/vc_column_inner][vc_column_inner width=&#8221;1\/3&#8243;][vc_custom_heading el_class=&#8221;special-title&#8221;]<span class=\"red-zing\">02<\/span>[\/vc_custom_heading][vc_column_text]<span class=\"grey-zing\">Un <strong>programa dissenyat en xarxa<\/strong> per donar cobertura i acompanyament a les necessitats principals que permeten l&#8217;\u00e8xit educatiu.<\/span>[\/vc_column_text][\/vc_column_inner][vc_column_inner width=&#8221;1\/3&#8243;][vc_custom_heading el_class=&#8221;special-title&#8221;]<span class=\"red-zing\">03<\/span>[\/vc_custom_heading][vc_column_text]<span class=\"grey-zing\"><strong>Suport<\/strong> segons les necessitats del centre i dels alumnes.<\/span>[\/vc_column_text][\/vc_column_inner][\/vc_row_inner][vc_empty_space empty_h=&#8221;2&#8243;][vc_separator sep_color=&#8221;color-greyzing&#8221;][vc_custom_heading text_transform=&#8221;uppercase&#8221; el_class=&#8221;special-title text-center&#8221;]Qu\u00e8 demana Zing als instituts?[\/vc_custom_heading][vc_row_inner][vc_column_inner width=&#8221;1\/3&#8243;][vc_custom_heading el_class=&#8221;special-title&#8221;]<span class=\"red-zing\">01<\/span>[\/vc_custom_heading][vc_column_text]<span class=\"grey-zing\">Que <strong>facin una preselecci\u00f3 de joves<\/strong> amb actitud positiva i que vulguin estudiar formaci\u00f3 professional, per\u00f2 sense recursos econ\u00f2mics i\/o socials.<\/span>[\/vc_column_text][\/vc_column_inner][vc_column_inner width=&#8221;1\/3&#8243;][vc_custom_heading el_class=&#8221;special-title&#8221;]<span class=\"red-zing\">02<\/span>[\/vc_custom_heading][vc_column_text]<span class=\"grey-zing\">Que <strong>ajudin al jove o joves<\/strong> en el proc\u00e9s d&#8217;identificaci\u00f3 de la seva vocaci\u00f3, talent i itinerari de formaci\u00f3.<\/span>[\/vc_column_text][\/vc_column_inner][vc_column_inner width=&#8221;1\/3&#8243;][vc_custom_heading el_class=&#8221;special-title&#8221;]<span class=\"red-zing\">03<\/span>[\/vc_custom_heading][vc_column_text]<span class=\"grey-zing\">Que <strong>escriguin una carta de recomanaci\u00f3<\/strong> per a presentar els joves preseleccionats\/des a l\u2019equip de Zing.<\/span>[\/vc_column_text][\/vc_column_inner][\/vc_row_inner][vc_empty_space empty_h=&#8221;2&#8243;][vc_custom_heading text_transform=&#8221;uppercase&#8221; el_class=&#8221;special-title text-center&#8221;]Hi ha algun alumne\/a al teu institut que mereixi formar part de Zing?[\/vc_custom_heading][vc_row_inner row_inner_height_percent=&#8221;0&#8243; overlay_alpha=&#8221;50&#8243; gutter_size=&#8221;3&#8243; shift_y=&#8221;0&#8243; z_index=&#8221;0&#8243;][vc_column_inner column_width_percent=&#8221;100&#8243; align_horizontal=&#8221;align_center&#8221; gutter_size=&#8221;3&#8243; overlay_alpha=&#8221;50&#8243; shift_x=&#8221;0&#8243; shift_y=&#8221;0&#8243; shift_y_down=&#8221;0&#8243; z_index=&#8221;0&#8243; medium_width=&#8221;0&#8243; mobile_width=&#8221;0&#8243; width=&#8221;1\/1&#8243; el_class=&#8221;text-center&#8221;][vc_button button_color=&#8221;color-redzing&#8221; border_width=&#8221;0&#8243; display=&#8221;inline&#8221; top_margin=&#8221;yes&#8221; link=&#8221;url:https%3A%2F%2Fwww.zingprogramme.com%2Fca%2Fcontacte%2F|title:Contacte|&#8221;]Contacta\u2019ns![\/vc_button][\/vc_column_inner][\/vc_row_inner][\/vc_column][\/vc_row][vc_row row_height_percent=&#8221;0&#8243; override_padding=&#8221;yes&#8221; h_padding=&#8221;2&#8243; top_padding=&#8221;2&#8243; bottom_padding=&#8221;0&#8243; back_color=&#8221;color-blackerzing&#8221; back_image=&#8221;252&#8243; back_repeat=&#8221;no-repeat&#8221; back_position=&#8221;right bottom&#8221; overlay_alpha=&#8221;50&#8243; gutter_size=&#8221;3&#8243; column_width_percent=&#8221;100&#8243; shift_y=&#8221;2&#8243; z_index=&#8221;0&#8243; back_size=&#8221;auto&#8221; row_name=&#8221;empresas&#8221;][vc_column width=&#8221;1\/1&#8243;][vc_custom_heading el_class=&#8221;text-center&#8221;]A LES EMPRESES[\/vc_custom_heading][vc_row_inner][vc_column_inner width=&#8221;1\/2&#8243;][vc_column_text]<span class=\"grey-zing\">Que un candidat o candidata a un lloc de treball formi part de Zing \u00e9s un segell de garantia. <strong>Aporten un avantatge competitiu<\/strong> en comparaci\u00f3 a d&#8217;altres perfils que no han comptat amb aquest tipus d&#8217;acompanyament durant la seva formaci\u00f3 i transici\u00f3 al m\u00f3n laboral.<br \/>\n<strong>Els Zingers han treballat diferents \u00e0rees clau que els permetran dur a terme de forma adequada la feina a la que opten:<\/strong><\/span>[\/vc_column_text][vc_custom_heading text_size=&#8221;h3&#8243; text_transform=&#8221;uppercase&#8221; text_color=&#8221;color-redzing&#8221;]Autoconeixement<br \/>\nOrientaci\u00f3<br \/>\nFormaci\u00f3 i coneixements<br \/>\nCapacitaci\u00f3 en soft skills<br \/>\nResponsabilitat i comprom\u00eds<br \/>\nMotivaci\u00f3 i passi\u00f3<br \/>\nContactes i una xarxa de recolzament [\/vc_custom_heading][\/vc_column_inner][vc_column_inner width=&#8221;1\/2&#8243;][vc_single_image media=&#8221;250&#8243; media_width_use_pixel=&#8221;yes&#8221; media_width_pixel=&#8221;364&#8243;][\/vc_column_inner][\/vc_row_inner][\/vc_column][\/vc_row][vc_row row_height_percent=&#8221;0&#8243; override_padding=&#8221;yes&#8221; h_padding=&#8221;2&#8243; top_padding=&#8221;3&#8243; bottom_padding=&#8221;4&#8243; back_color=&#8221;color-blackerzing&#8221; overlay_alpha=&#8221;50&#8243; gutter_size=&#8221;3&#8243; column_width_percent=&#8221;100&#8243; shift_y=&#8221;0&#8243; z_index=&#8221;0&#8243;][vc_column width=&#8221;1\/1&#8243;][vc_custom_heading el_class=&#8221;special-title text-center&#8221;]Els Zingers aporten valor a una empresa pel seu talent i capacitat de superaci\u00f3. I si fos a la teva?[\/vc_custom_heading][vc_row_inner row_inner_height_percent=&#8221;0&#8243; overlay_alpha=&#8221;50&#8243; gutter_size=&#8221;3&#8243; shift_y=&#8221;0&#8243; z_index=&#8221;0&#8243;][vc_column_inner column_width_percent=&#8221;100&#8243; align_horizontal=&#8221;align_center&#8221; gutter_size=&#8221;3&#8243; overlay_alpha=&#8221;50&#8243; shift_x=&#8221;0&#8243; shift_y=&#8221;0&#8243; shift_y_down=&#8221;0&#8243; z_index=&#8221;0&#8243; medium_width=&#8221;0&#8243; mobile_width=&#8221;0&#8243; width=&#8221;1\/1&#8243; el_class=&#8221;text-center&#8221;][vc_button button_color=&#8221;color-redzing&#8221; border_width=&#8221;0&#8243; display=&#8221;inline&#8221; top_margin=&#8221;yes&#8221; link=&#8221;url:https%3A%2F%2Fwww.zingprogramme.com%2Fca%2Fcontacte%2F|title:Contacte|&#8221;]Contacta\u2019ns![\/vc_button][\/vc_column_inner][\/vc_row_inner][\/vc_column][\/vc_row]<\/p>\n<\/div>","protected":false},"excerpt":{"rendered":"[vc_row row_height_percent=\"0\" overlay_color=\"color-semitranszing\" overlay_alpha=\"50\" gutter_size=\"3\" column_width_percent=\"100\" shift_y=\"0\" z_index=\"0\" el_id=\"menu-queeszing\"][vc_column width=\"1\/1\"][vc_wp_custommenu nav_menu=\"10\" nav_menu_horizontal=\"1\"][\/vc_column][\/vc_row][vc_row row_height_percent=\"0\" overlay_alpha=\"50\" gutter_size=\"3\" column_width_percent=\"100\" shift_y=\"2\" z_index=\"0\" row_name=\"jovenes\"][vc_column width=\"1\/1\"][vc_custom_heading [...]","protected":false},"author":1,"featured_media":276,"parent":0,"menu_order":0,"comment_status":"closed","ping_status":"closed","template":"","meta":{"footnotes":""},"class_list":["post-1880","page","type-page","status-publish","has-post-thumbnail","hentry"],"yoast_head":"<!-- This site is optimized with the Yoast SEO plugin v27.6 - https:\/\/yoast.com\/product\/yoast-seo-wordpress\/ -->\n<title>Qu\u00e8 oferim? - Zing Programme<\/title>\n<meta name=\"robots\" content=\"index, follow, max-snippet:-1, max-image-preview:large, max-video-preview:-1\" \/>\n<link rel=\"canonical\" href=\"https:\/\/www.zingprogramme.com\/ca\/que-oferim\/\" \/>\n<meta property=\"og:locale\" content=\"ca_ES\" \/>\n<meta property=\"og:type\" content=\"article\" \/>\n<meta property=\"og:title\" content=\"Qu\u00e8 oferim? - Zing Programme\" \/>\n<meta property=\"og:url\" content=\"https:\/\/www.zingprogramme.com\/ca\/que-oferim\/\" \/>\n<meta property=\"og:site_name\" content=\"Zing Programme\" \/>\n<meta property=\"article:modified_time\" content=\"2020-05-15T07:28:34+00:00\" \/>\n<meta property=\"og:image\" content=\"https:\/\/www.zingprogramme.com\/wp-content\/uploads\/sites\/2\/2020\/04\/queofrecemos-cabecera.jpg\" \/>\n\t<meta property=\"og:image:width\" content=\"1400\" \/>\n\t<meta property=\"og:image:height\" content=\"655\" \/>\n\t<meta property=\"og:image:type\" content=\"image\/jpeg\" \/>\n<meta name=\"twitter:card\" content=\"summary_large_image\" \/>\n<meta name=\"twitter:label1\" content=\"Temps estimat de lectura\" \/>\n\t<meta name=\"twitter:data1\" content=\"10 minuts\" \/>\n<script type=\"application\/ld+json\" class=\"yoast-schema-graph\">{\"@context\":\"https:\\\/\\\/schema.org\",\"@graph\":[{\"@type\":\"WebPage\",\"@id\":\"https:\\\/\\\/www.zingprogramme.com\\\/ca\\\/que-oferim\\\/\",\"url\":\"https:\\\/\\\/www.zingprogramme.com\\\/ca\\\/que-oferim\\\/\",\"name\":\"Qu\u00e8 oferim? - Zing Programme\",\"isPartOf\":{\"@id\":\"https:\\\/\\\/www.zingprogramme.com\\\/ca\\\/#website\"},\"primaryImageOfPage\":{\"@id\":\"https:\\\/\\\/www.zingprogramme.com\\\/ca\\\/que-oferim\\\/#primaryimage\"},\"image\":{\"@id\":\"https:\\\/\\\/www.zingprogramme.com\\\/ca\\\/que-oferim\\\/#primaryimage\"},\"thumbnailUrl\":\"https:\\\/\\\/www.zingprogramme.com\\\/wp-content\\\/uploads\\\/sites\\\/2\\\/2020\\\/04\\\/queofrecemos-cabecera.jpg\",\"datePublished\":\"2020-05-07T14:58:52+00:00\",\"dateModified\":\"2020-05-15T07:28:34+00:00\",\"breadcrumb\":{\"@id\":\"https:\\\/\\\/www.zingprogramme.com\\\/ca\\\/que-oferim\\\/#breadcrumb\"},\"inLanguage\":\"ca\",\"potentialAction\":[{\"@type\":\"ReadAction\",\"target\":[\"https:\\\/\\\/www.zingprogramme.com\\\/ca\\\/que-oferim\\\/\"]}]},{\"@type\":\"ImageObject\",\"inLanguage\":\"ca\",\"@id\":\"https:\\\/\\\/www.zingprogramme.com\\\/ca\\\/que-oferim\\\/#primaryimage\",\"url\":\"https:\\\/\\\/www.zingprogramme.com\\\/wp-content\\\/uploads\\\/sites\\\/2\\\/2020\\\/04\\\/queofrecemos-cabecera.jpg\",\"contentUrl\":\"https:\\\/\\\/www.zingprogramme.com\\\/wp-content\\\/uploads\\\/sites\\\/2\\\/2020\\\/04\\\/queofrecemos-cabecera.jpg\",\"width\":1400,\"height\":655},{\"@type\":\"BreadcrumbList\",\"@id\":\"https:\\\/\\\/www.zingprogramme.com\\\/ca\\\/que-oferim\\\/#breadcrumb\",\"itemListElement\":[{\"@type\":\"ListItem\",\"position\":1,\"name\":\"Portada\",\"item\":\"https:\\\/\\\/www.zingprogramme.com\\\/ca\\\/\"},{\"@type\":\"ListItem\",\"position\":2,\"name\":\"Qu\u00e8 oferim?\"}]},{\"@type\":\"WebSite\",\"@id\":\"https:\\\/\\\/www.zingprogramme.com\\\/ca\\\/#website\",\"url\":\"https:\\\/\\\/www.zingprogramme.com\\\/ca\\\/\",\"name\":\"Zing Programme\",\"description\":\"Nuestro objetivo: conseguir una inserci\u00f3n laboral de calidad de los j\u00f3venes\",\"potentialAction\":[{\"@type\":\"SearchAction\",\"target\":{\"@type\":\"EntryPoint\",\"urlTemplate\":\"https:\\\/\\\/www.zingprogramme.com\\\/ca\\\/?s={search_term_string}\"},\"query-input\":{\"@type\":\"PropertyValueSpecification\",\"valueRequired\":true,\"valueName\":\"search_term_string\"}}],\"inLanguage\":\"ca\"}]}<\/script>\n<!-- \/ Yoast SEO plugin. -->","yoast_head_json":{"title":"Qu\u00e8 oferim? - Zing Programme","robots":{"index":"index","follow":"follow","max-snippet":"max-snippet:-1","max-image-preview":"max-image-preview:large","max-video-preview":"max-video-preview:-1"},"canonical":"https:\/\/www.zingprogramme.com\/ca\/que-oferim\/","og_locale":"ca_ES","og_type":"article","og_title":"Qu\u00e8 oferim? - Zing Programme","og_url":"https:\/\/www.zingprogramme.com\/ca\/que-oferim\/","og_site_name":"Zing Programme","article_modified_time":"2020-05-15T07:28:34+00:00","og_image":[{"width":1400,"height":655,"url":"https:\/\/www.zingprogramme.com\/wp-content\/uploads\/sites\/2\/2020\/04\/queofrecemos-cabecera.jpg","type":"image\/jpeg"}],"twitter_card":"summary_large_image","twitter_misc":{"Temps estimat de lectura":"10 minuts"},"schema":{"@context":"https:\/\/schema.org","@graph":[{"@type":"WebPage","@id":"https:\/\/www.zingprogramme.com\/ca\/que-oferim\/","url":"https:\/\/www.zingprogramme.com\/ca\/que-oferim\/","name":"Qu\u00e8 oferim? - Zing Programme","isPartOf":{"@id":"https:\/\/www.zingprogramme.com\/ca\/#website"},"primaryImageOfPage":{"@id":"https:\/\/www.zingprogramme.com\/ca\/que-oferim\/#primaryimage"},"image":{"@id":"https:\/\/www.zingprogramme.com\/ca\/que-oferim\/#primaryimage"},"thumbnailUrl":"https:\/\/www.zingprogramme.com\/wp-content\/uploads\/sites\/2\/2020\/04\/queofrecemos-cabecera.jpg","datePublished":"2020-05-07T14:58:52+00:00","dateModified":"2020-05-15T07:28:34+00:00","breadcrumb":{"@id":"https:\/\/www.zingprogramme.com\/ca\/que-oferim\/#breadcrumb"},"inLanguage":"ca","potentialAction":[{"@type":"ReadAction","target":["https:\/\/www.zingprogramme.com\/ca\/que-oferim\/"]}]},{"@type":"ImageObject","inLanguage":"ca","@id":"https:\/\/www.zingprogramme.com\/ca\/que-oferim\/#primaryimage","url":"https:\/\/www.zingprogramme.com\/wp-content\/uploads\/sites\/2\/2020\/04\/queofrecemos-cabecera.jpg","contentUrl":"https:\/\/www.zingprogramme.com\/wp-content\/uploads\/sites\/2\/2020\/04\/queofrecemos-cabecera.jpg","width":1400,"height":655},{"@type":"BreadcrumbList","@id":"https:\/\/www.zingprogramme.com\/ca\/que-oferim\/#breadcrumb","itemListElement":[{"@type":"ListItem","position":1,"name":"Portada","item":"https:\/\/www.zingprogramme.com\/ca\/"},{"@type":"ListItem","position":2,"name":"Qu\u00e8 oferim?"}]},{"@type":"WebSite","@id":"https:\/\/www.zingprogramme.com\/ca\/#website","url":"https:\/\/www.zingprogramme.com\/ca\/","name":"Zing Programme","description":"Nuestro objetivo: conseguir una inserci\u00f3n laboral de calidad de los j\u00f3venes","potentialAction":[{"@type":"SearchAction","target":{"@type":"EntryPoint","urlTemplate":"https:\/\/www.zingprogramme.com\/ca\/?s={search_term_string}"},"query-input":{"@type":"PropertyValueSpecification","valueRequired":true,"valueName":"search_term_string"}}],"inLanguage":"ca"}]}},"_links":{"self":[{"href":"https:\/\/www.zingprogramme.com\/ca\/wp-json\/wp\/v2\/pages\/1880","targetHints":{"allow":["GET"]}}],"collection":[{"href":"https:\/\/www.zingprogramme.com\/ca\/wp-json\/wp\/v2\/pages"}],"about":[{"href":"https:\/\/www.zingprogramme.com\/ca\/wp-json\/wp\/v2\/types\/page"}],"author":[{"embeddable":true,"href":"https:\/\/www.zingprogramme.com\/ca\/wp-json\/wp\/v2\/users\/1"}],"replies":[{"embeddable":true,"href":"https:\/\/www.zingprogramme.com\/ca\/wp-json\/wp\/v2\/comments?post=1880"}],"version-history":[{"count":10,"href":"https:\/\/www.zingprogramme.com\/ca\/wp-json\/wp\/v2\/pages\/1880\/revisions"}],"predecessor-version":[{"id":2004,"href":"https:\/\/www.zingprogramme.com\/ca\/wp-json\/wp\/v2\/pages\/1880\/revisions\/2004"}],"wp:featuredmedia":[{"embeddable":true,"href":"https:\/\/www.zingprogramme.com\/ca\/wp-json\/wp\/v2\/media\/276"}],"wp:attachment":[{"href":"https:\/\/www.zingprogramme.com\/ca\/wp-json\/wp\/v2\/media?parent=1880"}],"curies":[{"name":"wp","href":"https:\/\/api.w.org\/{rel}","templated":true}]}}