{"id":1873,"date":"2020-05-07T14:34:10","date_gmt":"2020-05-07T14:34:10","guid":{"rendered":"https:\/\/www.zingprogramme.com\/que-es-zing\/"},"modified":"2020-05-15T07:21:34","modified_gmt":"2020-05-15T07:21:34","slug":"que-es-zing","status":"publish","type":"page","link":"https:\/\/www.zingprogramme.com\/ca\/que-es-zing\/","title":{"rendered":"Qu\u00e8 \u00e9s Zing?"},"content":{"rendered":"<div class=\"wpb-content-wrapper\"><p>[vc_row row_height_percent=&#8221;0&#8243; overlay_color=&#8221;color-semitranszing&#8221; overlay_alpha=&#8221;50&#8243; gutter_size=&#8221;3&#8243; column_width_percent=&#8221;100&#8243; shift_y=&#8221;0&#8243; z_index=&#8221;0&#8243; el_id=&#8221;menu-queeszing&#8221;][vc_column width=&#8221;1\/1&#8243;][vc_wp_custommenu nav_menu=&#8221;10&#8243; nav_menu_horizontal=&#8221;1&#8243;][\/vc_column][\/vc_row][vc_row row_height_percent=&#8221;0&#8243; override_padding=&#8221;yes&#8221; h_padding=&#8221;2&#8243; top_padding=&#8221;3&#8243; bottom_padding=&#8221;4&#8243; overlay_alpha=&#8221;50&#8243; gutter_size=&#8221;3&#8243; column_width_percent=&#8221;100&#8243; shift_y=&#8221;0&#8243; z_index=&#8221;0&#8243;][vc_column width=&#8221;1\/1&#8243;][vc_custom_heading el_class=&#8221;text-center&#8221;]QU\u00c8 \u00c9S ZING[\/vc_custom_heading][vc_custom_heading heading_semantic=&#8221;h4&#8243; text_size=&#8221;h4&#8243; el_class=&#8221;text-center&#8221;]Zing <span class=\"grey-zing\">\u00e9s un programa dissenyat per a transformar la vida de joves que no han pogut accedir al m\u00f3n formatiu i laboral en igualtat de condicions que la resta. No obstant aix\u00f2, tots ells i elles s\u2019han guanyat l\u2019oportunitat de fer el seu cim formatiu i laboral gr\u00e0cies al seu comprom\u00eds i motivaci\u00f3.<\/span>[\/vc_custom_heading][vc_row_inner][vc_column_inner width=&#8221;1\/3&#8243;][vc_column_text]Zing <span class=\"grey-zing\">ofereix les eines perqu\u00e8 aquests joves puguin seguir el seu cam\u00ed: orientaci\u00f3 vocacional perqu\u00e8 descobreixin els seus talents i el seu potencial, un programa de beques d\u2019impacte i, per \u00faltim, una xarxa de suport formada per m\u00e9s de 1.000 joves i 100 entitats socials de tot l\u2019Estat.<\/span>[\/vc_column_text][\/vc_column_inner][vc_column_inner width=&#8221;2\/3&#8243;][vc_single_image media=&#8221;1961&#8243; media_width_percent=&#8221;100&#8243;][\/vc_column_inner][\/vc_row_inner][\/vc_column][\/vc_row][vc_row row_height_percent=&#8221;0&#8243; override_padding=&#8221;yes&#8221; h_padding=&#8221;2&#8243; top_padding=&#8221;4&#8243; bottom_padding=&#8221;4&#8243; back_image=&#8221;176&#8243; overlay_alpha=&#8221;50&#8243; gutter_size=&#8221;3&#8243; column_width_percent=&#8221;100&#8243; shift_y=&#8221;0&#8243; z_index=&#8221;0&#8243;][vc_column width=&#8221;1\/1&#8243;][vc_custom_heading el_class=&#8221;text-center&#8221;]EL CAMP BASE[\/vc_custom_heading][vc_row_inner][vc_column_inner width=&#8221;1\/2&#8243;][vc_single_image media=&#8221;1964&#8243; media_width_use_pixel=&#8221;yes&#8221; media_width_pixel=&#8221;417&#8243;][\/vc_column_inner][vc_column_inner width=&#8221;1\/2&#8243;][vc_column_text]El 2013 s\u2019inicia el projecte a partir del qual es construeix Zing, impulsat per la <a href=\"https:\/\/nouscims.com\" target=\"_blank\" rel=\"noopener noreferrer\"><strong>Fundaci\u00f3 Privada Nous Cims<\/strong><\/a>, amb la voluntat de trencar el que es coneix com a \u201ccercle de la pobresa\u201d combatent les seves causes.<br \/>\nDe fet, el 80% dels joves que han viscut problemes econ\u00f2mics i socials durant la inf\u00e0ncia i l\u2019adolesc\u00e8ncia <a href=\"https:\/\/caritasdeleon.org\/wp-content\/uploads\/2016\/06\/CA%C2%B4RITAS-ana%C2%B4lisis-y-perspectivas-INFORME-FOESSA-DIGITAL-3.pdf\" target=\"_blank\" rel=\"noopener noreferrer\"><strong>heretaran la pobresa quan siguin adults<\/strong><\/a>.<\/p>\n<p><strong>Zing confia plenament en les capacitats dels joves per aconseguir una lloc de feina de qualitat<\/strong>. Per aix\u00f2, els ofereix tota una s\u00e8rie d&#8217;eines perqu\u00e8 els sigui m\u00e9s f\u00e0cil arribar-hi.<br \/>\nA m\u00e9s, s\u00f3n molts els estudis que assenyalen <strong>l&#8217;educaci\u00f3 com un dels factors clau<\/strong>\u00a0que poden incidir de forma m\u00e9s clara en el desafiament de la reproducci\u00f3 de la pobresa.[\/vc_column_text][\/vc_column_inner][\/vc_row_inner][\/vc_column][\/vc_row][vc_row row_height_percent=&#8221;0&#8243; override_padding=&#8221;yes&#8221; h_padding=&#8221;2&#8243; top_padding=&#8221;4&#8243; bottom_padding=&#8221;4&#8243; overlay_alpha=&#8221;50&#8243; gutter_size=&#8221;3&#8243; column_width_percent=&#8221;100&#8243; shift_y=&#8221;0&#8243; z_index=&#8221;0&#8243;][vc_column width=&#8221;1\/1&#8243;][vc_custom_heading el_class=&#8221;text-center&#8221;]L&#8217;EXPEDICI\u00d3[\/vc_custom_heading][vc_row_inner][vc_column_inner width=&#8221;1\/3&#8243;][vc_column_text]<span class=\"grey-zing\">S\u00f3n <strong>joves extraordinaris<\/strong><span class=\"grey-zing\">: amb talent, amb capacitat de superaci\u00f3, esfor\u00e7 i resili\u00e8ncia.<br \/>\nNo obstant aix\u00f2, carreguen amb unes motxilles a nivell social o econ\u00f2mic que ells o elles no han escollit i els han frenat en el seu cam\u00ed.<br \/>\nPel seu comprom\u00eds i motivaci\u00f3,<\/span> <strong>s&#8217;han guanyat l&#8217;oportunitat<\/strong> <span class=\"grey-zing\">de formar part de Zing.<\/span>[\/vc_column_text][\/vc_column_inner][vc_column_inner width=&#8221;1\/3&#8243;][vc_custom_heading text_size=&#8221;h3&#8243; el_class=&#8221;text-uppercase&#8221;]<span class=\"red-zing\">602 joves<\/span> seleccionats a la convocat\u00f2ria <span class=\"red-zing\">2019\/2020<\/span> per a rebre la beca Zing<span class=\"red-zing\">.<\/span>[\/vc_custom_heading][vc_single_image media=&#8221;184&#8243; media_width_use_pixel=&#8221;yes&#8221; alignment=&#8221;center&#8221; media_width_pixel=&#8221;312&#8243;][\/vc_column_inner][vc_column_inner width=&#8221;1\/3&#8243;][vc_custom_heading text_size=&#8221;h3&#8243; el_class=&#8221;text-uppercase text-center&#8221;]<span class=\"red-zing\">Perfil<\/span> dels <span class=\"red-zing\">zingers<\/span> 2019\/2020<span class=\"red-zing\">.<\/span>[\/vc_custom_heading][vc_single_image media=&#8221;1966&#8243; media_width_use_pixel=&#8221;yes&#8221; alignment=&#8221;center&#8221; media_width_pixel=&#8221;262&#8243;][\/vc_column_inner][\/vc_row_inner][\/vc_column][\/vc_row][vc_row row_height_percent=&#8221;0&#8243; override_padding=&#8221;yes&#8221; h_padding=&#8221;2&#8243; top_padding=&#8221;4&#8243; bottom_padding=&#8221;4&#8243; back_image=&#8221;133&#8243; back_repeat=&#8221;no-repeat&#8221; back_position=&#8221;left center&#8221; overlay_alpha=&#8221;50&#8243; gutter_size=&#8221;3&#8243; column_width_percent=&#8221;100&#8243; shift_y=&#8221;0&#8243; z_index=&#8221;0&#8243; back_size=&#8221;auto&#8221;][vc_column width=&#8221;1\/1&#8243;][vc_custom_heading el_class=&#8221;text-center&#8221;]EL FULL DE RUTA[\/vc_custom_heading][vc_row_inner row_inner_height_percent=&#8221;0&#8243; overlay_alpha=&#8221;50&#8243; gutter_size=&#8221;3&#8243; shift_y=&#8221;0&#8243; z_index=&#8221;0&#8243;][vc_column_inner width=&#8221;1\/3&#8243;][vc_single_image media=&#8221;197&#8243; media_width_percent=&#8221;100&#8243; media_link=&#8221;url:https%3A%2F%2Fwww.zingprogramme.com%2Fca%2Fzing-vocacio%2F|title:Zing%20vocaci%C3%B3||&#8221;][vc_custom_heading heading_semantic=&#8221;h3&#8243; text_size=&#8221;h3&#8243; subheading=&#8221;Un <strong>programa d&#8217;orientaci\u00f3 vocacional<\/strong> per a viure experi\u00e8ncies i descobrir-se a un mateix a partir de l&#8217;autoconeixement i la identificaci\u00f3 dels propis talents, en qu\u00e8 els joves treballen un pla d&#8217;acci\u00f3 personal formatiu-laboral.&#8221;]ZING VOCACI\u00d3[\/vc_custom_heading][\/vc_column_inner][vc_column_inner width=&#8221;1\/3&#8243;][vc_single_image media=&#8221;199&#8243; media_width_percent=&#8221;100&#8243; media_link=&#8221;url:https%3A%2F%2Fwww.zingprogramme.com%2Fca%2Fbeques-zing%2F|title:Beques%20Zing||&#8221;][vc_custom_heading heading_semantic=&#8221;h3&#8243; text_size=&#8221;h3&#8243; subheading=&#8221;Un <strong>programa de beques<\/strong> per a estudiar el que realment volen sense que la situaci\u00f3 econ\u00f2mica sigui un impediment, comptant amb un acompanyament de qualitat durant tot el curs acad\u00e8mic.&#8221;]ZING BEQUES[\/vc_custom_heading][\/vc_column_inner][vc_column_inner width=&#8221;1\/3&#8243;][vc_single_image media=&#8221;201&#8243; media_width_percent=&#8221;100&#8243; media_link=&#8221;url:https%3A%2F%2Fwww.zingprogramme.com%2Fca%2Fzing-network%2F|title:Zing%20Network||&#8221;][vc_custom_heading heading_semantic=&#8221;h3&#8243; text_size=&#8221;h3&#8243; subheading=&#8221;Una <strong>xarxa de suport<\/strong> durant la transici\u00f3 al m\u00f3n laboral constru\u00efda entorn a una <strong>comunitat<\/strong>, <strong>experi\u00e8ncies<\/strong> a trav\u00e9s d&#8217;activitats i formaci\u00f3 complement\u00e0ria, a m\u00e9s d&#8217;un <strong>programa de mentoria social i\/o professional<\/strong>.&#8221;]ZING NETWORK[\/vc_custom_heading][\/vc_column_inner][\/vc_row_inner][\/vc_column][\/vc_row][vc_row][vc_column][vc_column_text]<\/span>[\/vc_column_text][\/vc_column][\/vc_row]<\/p>\n<\/div>","protected":false},"excerpt":{"rendered":"[vc_row row_height_percent=\"0\" overlay_color=\"color-semitranszing\" overlay_alpha=\"50\" gutter_size=\"3\" column_width_percent=\"100\" shift_y=\"0\" z_index=\"0\" el_id=\"menu-queeszing\"][vc_column width=\"1\/1\"][vc_wp_custommenu nav_menu=\"10\" nav_menu_horizontal=\"1\"][\/vc_column][\/vc_row][vc_row row_height_percent=\"0\" override_padding=\"yes\" h_padding=\"2\" top_padding=\"3\" bottom_padding=\"4\" overlay_alpha=\"50\" gutter_size=\"3\" column_width_percent=\"100\" [...]","protected":false},"author":1,"featured_media":209,"parent":0,"menu_order":0,"comment_status":"closed","ping_status":"closed","template":"","meta":{"footnotes":""},"class_list":["post-1873","page","type-page","status-publish","has-post-thumbnail","hentry"],"yoast_head":"<!-- This site is optimized with the Yoast SEO plugin v27.4 - https:\/\/yoast.com\/product\/yoast-seo-wordpress\/ -->\n<title>Qu\u00e8 \u00e9s Zing? - Zing Programme<\/title>\n<meta name=\"robots\" content=\"index, follow, max-snippet:-1, max-image-preview:large, max-video-preview:-1\" \/>\n<link rel=\"canonical\" href=\"https:\/\/www.zingprogramme.com\/ca\/que-es-zing\/\" \/>\n<meta property=\"og:locale\" content=\"ca_ES\" \/>\n<meta property=\"og:type\" content=\"article\" \/>\n<meta property=\"og:title\" content=\"Qu\u00e8 \u00e9s Zing? - Zing Programme\" \/>\n<meta property=\"og:url\" content=\"https:\/\/www.zingprogramme.com\/ca\/que-es-zing\/\" \/>\n<meta property=\"og:site_name\" content=\"Zing Programme\" \/>\n<meta property=\"article:modified_time\" content=\"2020-05-15T07:21:34+00:00\" \/>\n<meta property=\"og:image\" content=\"https:\/\/www.zingprogramme.com\/wp-content\/uploads\/sites\/2\/2020\/04\/queeszing-cabecera.jpg\" \/>\n\t<meta property=\"og:image:width\" content=\"1400\" \/>\n\t<meta property=\"og:image:height\" content=\"656\" \/>\n\t<meta property=\"og:image:type\" content=\"image\/jpeg\" \/>\n<meta name=\"twitter:card\" content=\"summary_large_image\" \/>\n<meta name=\"twitter:label1\" content=\"Temps estimat de lectura\" \/>\n\t<meta name=\"twitter:data1\" content=\"5 minuts\" \/>\n<script type=\"application\/ld+json\" class=\"yoast-schema-graph\">{\"@context\":\"https:\\\/\\\/schema.org\",\"@graph\":[{\"@type\":\"WebPage\",\"@id\":\"https:\\\/\\\/www.zingprogramme.com\\\/ca\\\/que-es-zing\\\/\",\"url\":\"https:\\\/\\\/www.zingprogramme.com\\\/ca\\\/que-es-zing\\\/\",\"name\":\"Qu\u00e8 \u00e9s Zing? - Zing Programme\",\"isPartOf\":{\"@id\":\"https:\\\/\\\/www.zingprogramme.com\\\/ca\\\/#website\"},\"primaryImageOfPage\":{\"@id\":\"https:\\\/\\\/www.zingprogramme.com\\\/ca\\\/que-es-zing\\\/#primaryimage\"},\"image\":{\"@id\":\"https:\\\/\\\/www.zingprogramme.com\\\/ca\\\/que-es-zing\\\/#primaryimage\"},\"thumbnailUrl\":\"https:\\\/\\\/www.zingprogramme.com\\\/wp-content\\\/uploads\\\/sites\\\/2\\\/2020\\\/04\\\/queeszing-cabecera.jpg\",\"datePublished\":\"2020-05-07T14:34:10+00:00\",\"dateModified\":\"2020-05-15T07:21:34+00:00\",\"breadcrumb\":{\"@id\":\"https:\\\/\\\/www.zingprogramme.com\\\/ca\\\/que-es-zing\\\/#breadcrumb\"},\"inLanguage\":\"ca\",\"potentialAction\":[{\"@type\":\"ReadAction\",\"target\":[\"https:\\\/\\\/www.zingprogramme.com\\\/ca\\\/que-es-zing\\\/\"]}]},{\"@type\":\"ImageObject\",\"inLanguage\":\"ca\",\"@id\":\"https:\\\/\\\/www.zingprogramme.com\\\/ca\\\/que-es-zing\\\/#primaryimage\",\"url\":\"https:\\\/\\\/www.zingprogramme.com\\\/wp-content\\\/uploads\\\/sites\\\/2\\\/2020\\\/04\\\/queeszing-cabecera.jpg\",\"contentUrl\":\"https:\\\/\\\/www.zingprogramme.com\\\/wp-content\\\/uploads\\\/sites\\\/2\\\/2020\\\/04\\\/queeszing-cabecera.jpg\",\"width\":1400,\"height\":656},{\"@type\":\"BreadcrumbList\",\"@id\":\"https:\\\/\\\/www.zingprogramme.com\\\/ca\\\/que-es-zing\\\/#breadcrumb\",\"itemListElement\":[{\"@type\":\"ListItem\",\"position\":1,\"name\":\"Portada\",\"item\":\"https:\\\/\\\/www.zingprogramme.com\\\/ca\\\/\"},{\"@type\":\"ListItem\",\"position\":2,\"name\":\"Qu\u00e8 \u00e9s Zing?\"}]},{\"@type\":\"WebSite\",\"@id\":\"https:\\\/\\\/www.zingprogramme.com\\\/ca\\\/#website\",\"url\":\"https:\\\/\\\/www.zingprogramme.com\\\/ca\\\/\",\"name\":\"Zing Programme\",\"description\":\"Nuestro objetivo: conseguir una inserci\u00f3n laboral de calidad de los j\u00f3venes\",\"potentialAction\":[{\"@type\":\"SearchAction\",\"target\":{\"@type\":\"EntryPoint\",\"urlTemplate\":\"https:\\\/\\\/www.zingprogramme.com\\\/ca\\\/?s={search_term_string}\"},\"query-input\":{\"@type\":\"PropertyValueSpecification\",\"valueRequired\":true,\"valueName\":\"search_term_string\"}}],\"inLanguage\":\"ca\"}]}<\/script>\n<!-- \/ Yoast SEO plugin. -->","yoast_head_json":{"title":"Qu\u00e8 \u00e9s Zing? - Zing Programme","robots":{"index":"index","follow":"follow","max-snippet":"max-snippet:-1","max-image-preview":"max-image-preview:large","max-video-preview":"max-video-preview:-1"},"canonical":"https:\/\/www.zingprogramme.com\/ca\/que-es-zing\/","og_locale":"ca_ES","og_type":"article","og_title":"Qu\u00e8 \u00e9s Zing? - Zing Programme","og_url":"https:\/\/www.zingprogramme.com\/ca\/que-es-zing\/","og_site_name":"Zing Programme","article_modified_time":"2020-05-15T07:21:34+00:00","og_image":[{"width":1400,"height":656,"url":"https:\/\/www.zingprogramme.com\/wp-content\/uploads\/sites\/2\/2020\/04\/queeszing-cabecera.jpg","type":"image\/jpeg"}],"twitter_card":"summary_large_image","twitter_misc":{"Temps estimat de lectura":"5 minuts"},"schema":{"@context":"https:\/\/schema.org","@graph":[{"@type":"WebPage","@id":"https:\/\/www.zingprogramme.com\/ca\/que-es-zing\/","url":"https:\/\/www.zingprogramme.com\/ca\/que-es-zing\/","name":"Qu\u00e8 \u00e9s Zing? - Zing Programme","isPartOf":{"@id":"https:\/\/www.zingprogramme.com\/ca\/#website"},"primaryImageOfPage":{"@id":"https:\/\/www.zingprogramme.com\/ca\/que-es-zing\/#primaryimage"},"image":{"@id":"https:\/\/www.zingprogramme.com\/ca\/que-es-zing\/#primaryimage"},"thumbnailUrl":"https:\/\/www.zingprogramme.com\/wp-content\/uploads\/sites\/2\/2020\/04\/queeszing-cabecera.jpg","datePublished":"2020-05-07T14:34:10+00:00","dateModified":"2020-05-15T07:21:34+00:00","breadcrumb":{"@id":"https:\/\/www.zingprogramme.com\/ca\/que-es-zing\/#breadcrumb"},"inLanguage":"ca","potentialAction":[{"@type":"ReadAction","target":["https:\/\/www.zingprogramme.com\/ca\/que-es-zing\/"]}]},{"@type":"ImageObject","inLanguage":"ca","@id":"https:\/\/www.zingprogramme.com\/ca\/que-es-zing\/#primaryimage","url":"https:\/\/www.zingprogramme.com\/wp-content\/uploads\/sites\/2\/2020\/04\/queeszing-cabecera.jpg","contentUrl":"https:\/\/www.zingprogramme.com\/wp-content\/uploads\/sites\/2\/2020\/04\/queeszing-cabecera.jpg","width":1400,"height":656},{"@type":"BreadcrumbList","@id":"https:\/\/www.zingprogramme.com\/ca\/que-es-zing\/#breadcrumb","itemListElement":[{"@type":"ListItem","position":1,"name":"Portada","item":"https:\/\/www.zingprogramme.com\/ca\/"},{"@type":"ListItem","position":2,"name":"Qu\u00e8 \u00e9s Zing?"}]},{"@type":"WebSite","@id":"https:\/\/www.zingprogramme.com\/ca\/#website","url":"https:\/\/www.zingprogramme.com\/ca\/","name":"Zing Programme","description":"Nuestro objetivo: conseguir una inserci\u00f3n laboral de calidad de los j\u00f3venes","potentialAction":[{"@type":"SearchAction","target":{"@type":"EntryPoint","urlTemplate":"https:\/\/www.zingprogramme.com\/ca\/?s={search_term_string}"},"query-input":{"@type":"PropertyValueSpecification","valueRequired":true,"valueName":"search_term_string"}}],"inLanguage":"ca"}]}},"_links":{"self":[{"href":"https:\/\/www.zingprogramme.com\/ca\/wp-json\/wp\/v2\/pages\/1873","targetHints":{"allow":["GET"]}}],"collection":[{"href":"https:\/\/www.zingprogramme.com\/ca\/wp-json\/wp\/v2\/pages"}],"about":[{"href":"https:\/\/www.zingprogramme.com\/ca\/wp-json\/wp\/v2\/types\/page"}],"author":[{"embeddable":true,"href":"https:\/\/www.zingprogramme.com\/ca\/wp-json\/wp\/v2\/users\/1"}],"replies":[{"embeddable":true,"href":"https:\/\/www.zingprogramme.com\/ca\/wp-json\/wp\/v2\/comments?post=1873"}],"version-history":[{"count":7,"href":"https:\/\/www.zingprogramme.com\/ca\/wp-json\/wp\/v2\/pages\/1873\/revisions"}],"predecessor-version":[{"id":1996,"href":"https:\/\/www.zingprogramme.com\/ca\/wp-json\/wp\/v2\/pages\/1873\/revisions\/1996"}],"wp:featuredmedia":[{"embeddable":true,"href":"https:\/\/www.zingprogramme.com\/ca\/wp-json\/wp\/v2\/media\/209"}],"wp:attachment":[{"href":"https:\/\/www.zingprogramme.com\/ca\/wp-json\/wp\/v2\/media?parent=1873"}],"curies":[{"name":"wp","href":"https:\/\/api.w.org\/{rel}","templated":true}]}}